{"id":5833,"date":"2026-04-19T20:47:42","date_gmt":"2026-04-19T18:47:42","guid":{"rendered":"https:\/\/www.maisondeluxeprague.com\/?post_type=product&#038;p=5833"},"modified":"2026-04-19T20:47:42","modified_gmt":"2026-04-19T18:47:42","slug":"fendi-by-the-way","status":"publish","type":"product","link":"https:\/\/www.maisondeluxeprague.com\/ru\/produkt\/fendi-by-the-way\/","title":{"rendered":"Fendi By The Way"},"content":{"rendered":"<p>Fendi By The Way Large Baby Blue Leather Bag<\/p>\n<p>\u0421\u0443\u043c\u043a\u0430 \u043f\u043e\u0441\u043b\u0435 \u0431\u0435\u0440\u0435\u0436\u043d\u043e\u0439 \u0440\u0435\u0441\u0442\u0430\u0432\u0440\u0430\u0446\u0438\u0438.<\/p>\n<p>Na p\u0159\u00edv\u011bsku je p\u00edsmeno Y, lze oto\u010dit a nen\u00ed vid\u011bt.<\/p>","protected":false},"excerpt":{"rendered":"<p>Fendi By The Way Large Baby Blue Leather Bag Kabelka je po renovaci barvy. Na p\u0159\u00edv\u011bsku je p\u00edsmeno Y, lze oto\u010dit a nen\u00ed vid\u011bt.<\/p>","protected":false},"featured_media":5798,"template":"","meta":{"slim_seo":{"title":"Fendi By The Way - Maison de Luxe Prague","description":"Fendi By The Way Large Baby Blue Leather Bag Kabelka je po renovaci barvy. Na p\u0159\u00edv\u011bsku je p\u00edsmeno Y, lze oto\u010dit a nen\u00ed vid\u011bt."}},"product_brand":[229],"product_cat":[159,40,411],"product_tag":[],"class_list":{"0":"post-5833","1":"product","2":"type-product","3":"status-publish","4":"has-post-thumbnail","6":"product_brand-fendi","7":"product_cat-damske","8":"product_cat-kabelky","9":"product_cat-novinky","11":"first","12":"instock","13":"taxable","14":"shipping-taxable","15":"purchasable","16":"product-type-simple"},"_links":{"self":[{"href":"https:\/\/www.maisondeluxeprague.com\/ru\/wp-json\/wp\/v2\/product\/5833","targetHints":{"allow":["GET"]}}],"collection":[{"href":"https:\/\/www.maisondeluxeprague.com\/ru\/wp-json\/wp\/v2\/product"}],"about":[{"href":"https:\/\/www.maisondeluxeprague.com\/ru\/wp-json\/wp\/v2\/types\/product"}],"wp:featuredmedia":[{"embeddable":true,"href":"https:\/\/www.maisondeluxeprague.com\/ru\/wp-json\/wp\/v2\/media\/5798"}],"wp:attachment":[{"href":"https:\/\/www.maisondeluxeprague.com\/ru\/wp-json\/wp\/v2\/media?parent=5833"}],"wp:term":[{"taxonomy":"product_brand","embeddable":true,"href":"https:\/\/www.maisondeluxeprague.com\/ru\/wp-json\/wp\/v2\/product_brand?post=5833"},{"taxonomy":"product_cat","embeddable":true,"href":"https:\/\/www.maisondeluxeprague.com\/ru\/wp-json\/wp\/v2\/product_cat?post=5833"},{"taxonomy":"product_tag","embeddable":true,"href":"https:\/\/www.maisondeluxeprague.com\/ru\/wp-json\/wp\/v2\/product_tag?post=5833"}],"curies":[{"name":"wp","href":"https:\/\/api.w.org\/{rel}","templated":true}]}}