{"id":5820,"date":"2026-04-19T17:26:37","date_gmt":"2026-04-19T15:26:37","guid":{"rendered":"https:\/\/www.maisondeluxeprague.com\/?post_type=product&#038;p=5820"},"modified":"2026-04-19T17:26:38","modified_gmt":"2026-04-19T15:26:38","slug":"lady-dior-medium","status":"publish","type":"product","link":"https:\/\/www.maisondeluxeprague.com\/ru\/produkt\/lady-dior-medium\/","title":{"rendered":"Lady Dior Medium"},"content":{"rendered":"<p>Christian Dior Lady Dior Medium Black Ultramatte Cannage Calfskin<\/p>\n<p>Kabelka je v kompletn\u00edm balen\u00ed v\u010detn\u011b \u00fa\u010dtu.<\/p>\n<p>No\u0161en\u00ed je vid\u011bt pouze na no\u017ei\u010dk\u00e1ch, na kovech je st\u00e1le je\u0161t\u011b folie.<\/p>\n<p>&nbsp;<\/p>","protected":false},"excerpt":{"rendered":"<p>Christian Dior Lady Dior Medium Black Ultramatte Cannage Calfskin Kabelka je v kompletn\u00edm balen\u00ed v\u010detn\u011b \u00fa\u010dtu. No\u0161en\u00ed je vid\u011bt pouze na no\u017ei\u010dk\u00e1ch, na kovech je st\u00e1le je\u0161t\u011b folie. &nbsp;<\/p>","protected":false},"featured_media":5664,"template":"","meta":{"slim_seo":{"title":"Lady Dior Medium - Maison de Luxe Prague","description":"Christian Dior Lady Dior Medium Black Ultramatte Cannage Calfskin Kabelka je v kompletn\u00edm balen\u00ed v\u010detn\u011b \u00fa\u010dtu. No\u0161en\u00ed je vid\u011bt pouze na no\u017ei\u010dk\u00e1ch, na kovech je s"}},"product_brand":[125],"product_cat":[159,40,411],"product_tag":[],"class_list":{"0":"post-5820","1":"product","2":"type-product","3":"status-publish","4":"has-post-thumbnail","6":"product_brand-christian-dior","7":"product_cat-damske","8":"product_cat-kabelky","9":"product_cat-novinky","11":"first","12":"instock","13":"taxable","14":"shipping-taxable","15":"purchasable","16":"product-type-simple"},"_links":{"self":[{"href":"https:\/\/www.maisondeluxeprague.com\/ru\/wp-json\/wp\/v2\/product\/5820","targetHints":{"allow":["GET"]}}],"collection":[{"href":"https:\/\/www.maisondeluxeprague.com\/ru\/wp-json\/wp\/v2\/product"}],"about":[{"href":"https:\/\/www.maisondeluxeprague.com\/ru\/wp-json\/wp\/v2\/types\/product"}],"wp:featuredmedia":[{"embeddable":true,"href":"https:\/\/www.maisondeluxeprague.com\/ru\/wp-json\/wp\/v2\/media\/5664"}],"wp:attachment":[{"href":"https:\/\/www.maisondeluxeprague.com\/ru\/wp-json\/wp\/v2\/media?parent=5820"}],"wp:term":[{"taxonomy":"product_brand","embeddable":true,"href":"https:\/\/www.maisondeluxeprague.com\/ru\/wp-json\/wp\/v2\/product_brand?post=5820"},{"taxonomy":"product_cat","embeddable":true,"href":"https:\/\/www.maisondeluxeprague.com\/ru\/wp-json\/wp\/v2\/product_cat?post=5820"},{"taxonomy":"product_tag","embeddable":true,"href":"https:\/\/www.maisondeluxeprague.com\/ru\/wp-json\/wp\/v2\/product_tag?post=5820"}],"curies":[{"name":"wp","href":"https:\/\/api.w.org\/{rel}","templated":true}]}}