{"id":5819,"date":"2026-04-19T17:16:07","date_gmt":"2026-04-19T15:16:07","guid":{"rendered":"https:\/\/www.maisondeluxeprague.com\/?post_type=product&#038;p=5819"},"modified":"2026-04-19T17:16:07","modified_gmt":"2026-04-19T15:16:07","slug":"hermes-constance-18","status":"publish","type":"product","link":"https:\/\/www.maisondeluxeprague.com\/ru\/produkt\/hermes-constance-18\/","title":{"rendered":"Herm\u00e8s Constance 18"},"content":{"rendered":"<p>HERM\u00c8S Constance III Mini 18 Nata Epsom Leather GHW<\/p>\n<p>Kabelka m\u00e1 pouze vlasov\u00e9 \u0161kr\u00e1bance na kovu, jinak je jako nov\u00e1<\/p>\n<p>Rok 2019<\/p>","protected":false},"excerpt":{"rendered":"<p>HERM\u00c8S Constance III Mini 18 Nata Epsom Leather GHW Kabelka m\u00e1 pouze vlasov\u00e9 \u0161kr\u00e1bance na kovu, jinak je jako nov\u00e1 Rok 2019<\/p>","protected":false},"featured_media":5721,"template":"","meta":{"slim_seo":{"title":"Herm\u00e8s Constance 18 - Maison de Luxe Prague","description":"HERM\u00c8S Constance III Mini 18 Nata Epsom Leather GHW Kabelka m\u00e1 pouze vlasov\u00e9 \u0161kr\u00e1bance na kovu, jinak je jako nov\u00e1 Rok 2019"}},"product_brand":[72],"product_cat":[159,40,411],"product_tag":[],"class_list":{"0":"post-5819","1":"product","2":"type-product","3":"status-publish","4":"has-post-thumbnail","6":"product_brand-hermes","7":"product_cat-damske","8":"product_cat-kabelky","9":"product_cat-novinky","11":"first","12":"instock","13":"taxable","14":"shipping-taxable","15":"purchasable","16":"product-type-simple"},"_links":{"self":[{"href":"https:\/\/www.maisondeluxeprague.com\/ru\/wp-json\/wp\/v2\/product\/5819","targetHints":{"allow":["GET"]}}],"collection":[{"href":"https:\/\/www.maisondeluxeprague.com\/ru\/wp-json\/wp\/v2\/product"}],"about":[{"href":"https:\/\/www.maisondeluxeprague.com\/ru\/wp-json\/wp\/v2\/types\/product"}],"wp:featuredmedia":[{"embeddable":true,"href":"https:\/\/www.maisondeluxeprague.com\/ru\/wp-json\/wp\/v2\/media\/5721"}],"wp:attachment":[{"href":"https:\/\/www.maisondeluxeprague.com\/ru\/wp-json\/wp\/v2\/media?parent=5819"}],"wp:term":[{"taxonomy":"product_brand","embeddable":true,"href":"https:\/\/www.maisondeluxeprague.com\/ru\/wp-json\/wp\/v2\/product_brand?post=5819"},{"taxonomy":"product_cat","embeddable":true,"href":"https:\/\/www.maisondeluxeprague.com\/ru\/wp-json\/wp\/v2\/product_cat?post=5819"},{"taxonomy":"product_tag","embeddable":true,"href":"https:\/\/www.maisondeluxeprague.com\/ru\/wp-json\/wp\/v2\/product_tag?post=5819"}],"curies":[{"name":"wp","href":"https:\/\/api.w.org\/{rel}","templated":true}]}}