{"id":5816,"date":"2026-04-19T16:45:42","date_gmt":"2026-04-19T14:45:42","guid":{"rendered":"https:\/\/www.maisondeluxeprague.com\/?post_type=product&#038;p=5816"},"modified":"2026-04-19T16:45:42","modified_gmt":"2026-04-19T14:45:42","slug":"chanel-executive-bag","status":"publish","type":"product","link":"https:\/\/www.maisondeluxeprague.com\/ru\/produkt\/chanel-executive-bag\/","title":{"rendered":"Chanel Executive Bag"},"content":{"rendered":"<p>Chanel Executive Tote Creme Caviar Leather Bag<\/p>\n<p>Kabelka je po renovaci barvy roh\u016f t\u0159et\u00ed stranou.<\/p>\n<p>V\u010detn\u011b vyj\u00edmateln\u00e9 ta\u0161ti\u010dky a popruhu.<\/p>\n<p>No\u0161en\u00ed je vid\u011bt na roz\u00edch, kter\u00e9 jsou lehce o\u0161oupan\u00e9, na pod\u0161\u00edvce je vid\u011bt oxidace lepidla.<\/p>","protected":false},"excerpt":{"rendered":"<p>Chanel Executive Tote Creme Caviar Leather Bag Kabelka je po renovaci barvy roh\u016f t\u0159et\u00ed stranou. V\u010detn\u011b vyj\u00edmateln\u00e9 ta\u0161ti\u010dky a popruhu. No\u0161en\u00ed je vid\u011bt na roz\u00edch, kter\u00e9 jsou lehce o\u0161oupan\u00e9, na pod\u0161\u00edvce je vid\u011bt oxidace lepidla.<\/p>","protected":false},"featured_media":5747,"template":"","meta":{"slim_seo":{"title":"Chanel Executive Bag - Maison de Luxe Prague","description":"Chanel Executive Tote Creme Caviar Leather Bag Kabelka je po renovaci barvy roh\u016f t\u0159et\u00ed stranou. V\u010detn\u011b vyj\u00edmateln\u00e9 ta\u0161ti\u010dky a popruhu. No\u0161en\u00ed je vid\u011bt na roz\u00edch"}},"product_brand":[94],"product_cat":[159,40,411],"product_tag":[],"class_list":{"0":"post-5816","1":"product","2":"type-product","3":"status-publish","4":"has-post-thumbnail","6":"product_brand-chanel","7":"product_cat-damske","8":"product_cat-kabelky","9":"product_cat-novinky","11":"first","12":"instock","13":"taxable","14":"shipping-taxable","15":"purchasable","16":"product-type-simple"},"_links":{"self":[{"href":"https:\/\/www.maisondeluxeprague.com\/ru\/wp-json\/wp\/v2\/product\/5816","targetHints":{"allow":["GET"]}}],"collection":[{"href":"https:\/\/www.maisondeluxeprague.com\/ru\/wp-json\/wp\/v2\/product"}],"about":[{"href":"https:\/\/www.maisondeluxeprague.com\/ru\/wp-json\/wp\/v2\/types\/product"}],"wp:featuredmedia":[{"embeddable":true,"href":"https:\/\/www.maisondeluxeprague.com\/ru\/wp-json\/wp\/v2\/media\/5747"}],"wp:attachment":[{"href":"https:\/\/www.maisondeluxeprague.com\/ru\/wp-json\/wp\/v2\/media?parent=5816"}],"wp:term":[{"taxonomy":"product_brand","embeddable":true,"href":"https:\/\/www.maisondeluxeprague.com\/ru\/wp-json\/wp\/v2\/product_brand?post=5816"},{"taxonomy":"product_cat","embeddable":true,"href":"https:\/\/www.maisondeluxeprague.com\/ru\/wp-json\/wp\/v2\/product_cat?post=5816"},{"taxonomy":"product_tag","embeddable":true,"href":"https:\/\/www.maisondeluxeprague.com\/ru\/wp-json\/wp\/v2\/product_tag?post=5816"}],"curies":[{"name":"wp","href":"https:\/\/api.w.org\/{rel}","templated":true}]}}