{"id":5601,"date":"2026-04-04T18:33:58","date_gmt":"2026-04-04T16:33:58","guid":{"rendered":"https:\/\/www.maisondeluxeprague.com\/?post_type=product&#038;p=5601"},"modified":"2026-04-04T18:33:58","modified_gmt":"2026-04-04T16:33:58","slug":"chanel-quilted-leather-bag","status":"publish","type":"product","link":"https:\/\/www.maisondeluxeprague.com\/ru\/produkt\/chanel-quilted-leather-bag\/","title":{"rendered":"Chanel Quilted Leather Bag"},"content":{"rendered":"<p>Chanel Quilted Goatskin Leather Pearl Chain Bag<\/p>\n<p>Kabelka je neno\u0161en\u00e1, jako nov\u00e1.<\/p>\n<p>Vyrobena v letech 2018 &#8211; 2019.<\/p>","protected":false},"excerpt":{"rendered":"<p>Chanel Quilted Goatskin Leather Pearl Chain Bag Kabelka je neno\u0161en\u00e1, jako nov\u00e1. Vyrobena v letech 2018 &#8211; 2019.<\/p>","protected":false},"featured_media":5444,"template":"","meta":{"slim_seo":{"title":"Chanel Quilted Leather Bag - Maison de Luxe Prague","description":"Chanel Quilted Goatskin Leather Pearl Chain Bag Kabelka je neno\u0161en\u00e1, jako nov\u00e1. Vyrobena v letech 2018 - 2019."}},"product_brand":[94],"product_cat":[159,40,411],"product_tag":[],"class_list":{"0":"post-5601","1":"product","2":"type-product","3":"status-publish","4":"has-post-thumbnail","6":"product_brand-chanel","7":"product_cat-damske","8":"product_cat-kabelky","9":"product_cat-novinky","11":"first","12":"instock","13":"taxable","14":"shipping-taxable","15":"purchasable","16":"product-type-simple"},"_links":{"self":[{"href":"https:\/\/www.maisondeluxeprague.com\/ru\/wp-json\/wp\/v2\/product\/5601","targetHints":{"allow":["GET"]}}],"collection":[{"href":"https:\/\/www.maisondeluxeprague.com\/ru\/wp-json\/wp\/v2\/product"}],"about":[{"href":"https:\/\/www.maisondeluxeprague.com\/ru\/wp-json\/wp\/v2\/types\/product"}],"wp:featuredmedia":[{"embeddable":true,"href":"https:\/\/www.maisondeluxeprague.com\/ru\/wp-json\/wp\/v2\/media\/5444"}],"wp:attachment":[{"href":"https:\/\/www.maisondeluxeprague.com\/ru\/wp-json\/wp\/v2\/media?parent=5601"}],"wp:term":[{"taxonomy":"product_brand","embeddable":true,"href":"https:\/\/www.maisondeluxeprague.com\/ru\/wp-json\/wp\/v2\/product_brand?post=5601"},{"taxonomy":"product_cat","embeddable":true,"href":"https:\/\/www.maisondeluxeprague.com\/ru\/wp-json\/wp\/v2\/product_cat?post=5601"},{"taxonomy":"product_tag","embeddable":true,"href":"https:\/\/www.maisondeluxeprague.com\/ru\/wp-json\/wp\/v2\/product_tag?post=5601"}],"curies":[{"name":"wp","href":"https:\/\/api.w.org\/{rel}","templated":true}]}}