{"id":5599,"date":"2026-04-04T18:01:54","date_gmt":"2026-04-04T16:01:54","guid":{"rendered":"https:\/\/www.maisondeluxeprague.com\/?post_type=product&#038;p=5599"},"modified":"2026-04-04T18:01:54","modified_gmt":"2026-04-04T16:01:54","slug":"hermes-backpack","status":"publish","type":"product","link":"https:\/\/www.maisondeluxeprague.com\/ru\/produkt\/hermes-backpack\/","title":{"rendered":"Herm\u00e8s Backpack"},"content":{"rendered":"<p>Herm\u00e8s Toile Negonda Recif MM Backpack<\/p>\n<p>M\u00e1 lehk\u00e9 stopy po oxidaci lepidla<\/p>","protected":false},"excerpt":{"rendered":"<p>Herm\u00e8s Toile Negonda Recif MM Backpack M\u00e1 lehk\u00e9 stopy po oxidaci lepidla<\/p>","protected":false},"featured_media":5539,"template":"","meta":{"slim_seo":{"title":"Herm\u00e8s Backpack - Maison de Luxe Prague","description":"Herm\u00e8s Toile Negonda Recif MM Backpack M\u00e1 lehk\u00e9 stopy po oxidaci lepidla"}},"product_brand":[72],"product_cat":[159,161,40,411,158],"product_tag":[],"class_list":{"0":"post-5599","1":"product","2":"type-product","3":"status-publish","4":"has-post-thumbnail","6":"product_brand-hermes","7":"product_cat-damske","8":"product_cat-kabelky-panske","9":"product_cat-kabelky","10":"product_cat-novinky","11":"product_cat-panske","13":"first","14":"instock","15":"taxable","16":"shipping-taxable","17":"purchasable","18":"product-type-simple"},"_links":{"self":[{"href":"https:\/\/www.maisondeluxeprague.com\/ru\/wp-json\/wp\/v2\/product\/5599","targetHints":{"allow":["GET"]}}],"collection":[{"href":"https:\/\/www.maisondeluxeprague.com\/ru\/wp-json\/wp\/v2\/product"}],"about":[{"href":"https:\/\/www.maisondeluxeprague.com\/ru\/wp-json\/wp\/v2\/types\/product"}],"wp:featuredmedia":[{"embeddable":true,"href":"https:\/\/www.maisondeluxeprague.com\/ru\/wp-json\/wp\/v2\/media\/5539"}],"wp:attachment":[{"href":"https:\/\/www.maisondeluxeprague.com\/ru\/wp-json\/wp\/v2\/media?parent=5599"}],"wp:term":[{"taxonomy":"product_brand","embeddable":true,"href":"https:\/\/www.maisondeluxeprague.com\/ru\/wp-json\/wp\/v2\/product_brand?post=5599"},{"taxonomy":"product_cat","embeddable":true,"href":"https:\/\/www.maisondeluxeprague.com\/ru\/wp-json\/wp\/v2\/product_cat?post=5599"},{"taxonomy":"product_tag","embeddable":true,"href":"https:\/\/www.maisondeluxeprague.com\/ru\/wp-json\/wp\/v2\/product_tag?post=5599"}],"curies":[{"name":"wp","href":"https:\/\/api.w.org\/{rel}","templated":true}]}}