{"id":5597,"date":"2026-04-04T17:34:04","date_gmt":"2026-04-04T15:34:04","guid":{"rendered":"https:\/\/www.maisondeluxeprague.com\/?post_type=product&#038;p=5597"},"modified":"2026-04-05T06:43:53","modified_gmt":"2026-04-05T04:43:53","slug":"hermes-garden-party-36-4","status":"publish","type":"product","link":"https:\/\/www.maisondeluxeprague.com\/ru\/produkt\/hermes-garden-party-36-4\/","title":{"rendered":"Herm\u00e8s Garden Party 36"},"content":{"rendered":"<p>Herm\u00e8s Garden Party 36<\/p>\n<p>Kabelka je po profesion\u00e1ln\u00edm \u010di\u0161t\u011bn\u00ed a renovaci roh\u016f.<\/p>\n<p>V interi\u00e9ru je skvrna od propisky.<\/p>\n<p>&nbsp;<\/p>","protected":false},"excerpt":{"rendered":"<p>Herm\u00e8s Garden Party 36 Kabelka je po profesion\u00e1ln\u00edm \u010di\u0161t\u011bn\u00ed a renovaci roh\u016f. V interi\u00e9ru je skvrna od propisky. &nbsp;<\/p>","protected":false},"featured_media":5549,"template":"","meta":{"slim_seo":{"title":"Herm\u00e8s Garden Party 36 - Maison de Luxe Prague","description":"Herm\u00e8s Garden Party 36 Kabelka je po profesion\u00e1ln\u00edm \u010di\u0161t\u011bn\u00ed a renovaci roh\u016f. V interi\u00e9ru je skvrna od propisky. &nbsp;"}},"product_brand":[72],"product_cat":[159,40,411],"product_tag":[],"class_list":{"0":"post-5597","1":"product","2":"type-product","3":"status-publish","4":"has-post-thumbnail","6":"product_brand-hermes","7":"product_cat-damske","8":"product_cat-kabelky","9":"product_cat-novinky","11":"first","12":"outofstock","13":"taxable","14":"shipping-taxable","15":"purchasable","16":"product-type-simple"},"_links":{"self":[{"href":"https:\/\/www.maisondeluxeprague.com\/ru\/wp-json\/wp\/v2\/product\/5597","targetHints":{"allow":["GET"]}}],"collection":[{"href":"https:\/\/www.maisondeluxeprague.com\/ru\/wp-json\/wp\/v2\/product"}],"about":[{"href":"https:\/\/www.maisondeluxeprague.com\/ru\/wp-json\/wp\/v2\/types\/product"}],"wp:featuredmedia":[{"embeddable":true,"href":"https:\/\/www.maisondeluxeprague.com\/ru\/wp-json\/wp\/v2\/media\/5549"}],"wp:attachment":[{"href":"https:\/\/www.maisondeluxeprague.com\/ru\/wp-json\/wp\/v2\/media?parent=5597"}],"wp:term":[{"taxonomy":"product_brand","embeddable":true,"href":"https:\/\/www.maisondeluxeprague.com\/ru\/wp-json\/wp\/v2\/product_brand?post=5597"},{"taxonomy":"product_cat","embeddable":true,"href":"https:\/\/www.maisondeluxeprague.com\/ru\/wp-json\/wp\/v2\/product_cat?post=5597"},{"taxonomy":"product_tag","embeddable":true,"href":"https:\/\/www.maisondeluxeprague.com\/ru\/wp-json\/wp\/v2\/product_tag?post=5597"}],"curies":[{"name":"wp","href":"https:\/\/api.w.org\/{rel}","templated":true}]}}