{"id":5595,"date":"2026-04-04T16:58:23","date_gmt":"2026-04-04T14:58:23","guid":{"rendered":"https:\/\/www.maisondeluxeprague.com\/?post_type=product&#038;p=5595"},"modified":"2026-04-04T16:58:23","modified_gmt":"2026-04-04T14:58:23","slug":"chanel-2-55-jumbo-lambskin","status":"publish","type":"product","link":"https:\/\/www.maisondeluxeprague.com\/ru\/produkt\/chanel-2-55-jumbo-lambskin\/","title":{"rendered":"Chanel 2.55 Jumbo Lambskin"},"content":{"rendered":"<p>Chanel 2.55 Jumbo Lambskin Leather Black<\/p>\n<p>Kabelka nem\u00e1 datacode a tak p\u0159ikl\u00e1d\u00e1me Entrupy certifik\u00e1t autenticity.<\/p>\n<p>&nbsp;<\/p>","protected":false},"excerpt":{"rendered":"<p>Chanel 2.55 Jumbo Lambskin Leather Black Kabelka nem\u00e1 datacode a tak p\u0159ikl\u00e1d\u00e1me Entrupy certifik\u00e1t autenticity. &nbsp;<\/p>","protected":false},"featured_media":5482,"template":"","meta":{"slim_seo":{"title":"Chanel 2.55 Jumbo Lambskin - Maison de Luxe Prague","description":"Chanel 2.55 Jumbo Lambskin Leather Black Kabelka nem\u00e1 datacode a tak p\u0159ikl\u00e1d\u00e1me Entrupy certifik\u00e1t autenticity. &nbsp;"}},"product_brand":[94],"product_cat":[159,40,411],"product_tag":[],"class_list":{"0":"post-5595","1":"product","2":"type-product","3":"status-publish","4":"has-post-thumbnail","6":"product_brand-chanel","7":"product_cat-damske","8":"product_cat-kabelky","9":"product_cat-novinky","11":"first","12":"instock","13":"taxable","14":"shipping-taxable","15":"purchasable","16":"product-type-simple"},"_links":{"self":[{"href":"https:\/\/www.maisondeluxeprague.com\/ru\/wp-json\/wp\/v2\/product\/5595","targetHints":{"allow":["GET"]}}],"collection":[{"href":"https:\/\/www.maisondeluxeprague.com\/ru\/wp-json\/wp\/v2\/product"}],"about":[{"href":"https:\/\/www.maisondeluxeprague.com\/ru\/wp-json\/wp\/v2\/types\/product"}],"wp:featuredmedia":[{"embeddable":true,"href":"https:\/\/www.maisondeluxeprague.com\/ru\/wp-json\/wp\/v2\/media\/5482"}],"wp:attachment":[{"href":"https:\/\/www.maisondeluxeprague.com\/ru\/wp-json\/wp\/v2\/media?parent=5595"}],"wp:term":[{"taxonomy":"product_brand","embeddable":true,"href":"https:\/\/www.maisondeluxeprague.com\/ru\/wp-json\/wp\/v2\/product_brand?post=5595"},{"taxonomy":"product_cat","embeddable":true,"href":"https:\/\/www.maisondeluxeprague.com\/ru\/wp-json\/wp\/v2\/product_cat?post=5595"},{"taxonomy":"product_tag","embeddable":true,"href":"https:\/\/www.maisondeluxeprague.com\/ru\/wp-json\/wp\/v2\/product_tag?post=5595"}],"curies":[{"name":"wp","href":"https:\/\/api.w.org\/{rel}","templated":true}]}}