{"id":5593,"date":"2026-04-04T16:40:01","date_gmt":"2026-04-04T14:40:01","guid":{"rendered":"https:\/\/www.maisondeluxeprague.com\/?post_type=product&#038;p=5593"},"modified":"2026-04-04T16:40:02","modified_gmt":"2026-04-04T14:40:02","slug":"hermes-garden-party-36","status":"publish","type":"product","link":"https:\/\/www.maisondeluxeprague.com\/ru\/produkt\/hermes-garden-party-36\/","title":{"rendered":"Herm\u00e8s Garden Party 36"},"content":{"rendered":"<p>Herm\u00e8s Garden Party 36<\/p>\n<p>Kabelka je z roku 2002.<br \/>\nPro\u0161la profesion\u00e1ln\u00edm \u010di\u0161t\u011bn\u00ed a renovaci roh\u016f.<\/p>","protected":false},"excerpt":{"rendered":"<p>Herm\u00e8s Garden Party 36 Kabelka je z roku 2002. Pro\u0161la profesion\u00e1ln\u00edm \u010di\u0161t\u011bn\u00ed a renovaci roh\u016f.<\/p>","protected":false},"featured_media":5556,"template":"","meta":{"slim_seo":{"title":"Herm\u00e8s Garden Party 36 - Maison de Luxe Prague","description":"Herm\u00e8s Garden Party 36 Kabelka je z roku 2002. Pro\u0161la profesion\u00e1ln\u00edm \u010di\u0161t\u011bn\u00ed a renovaci roh\u016f."}},"product_brand":[72],"product_cat":[159,161,40,411,158],"product_tag":[],"class_list":{"0":"post-5593","1":"product","2":"type-product","3":"status-publish","4":"has-post-thumbnail","6":"product_brand-hermes","7":"product_cat-damske","8":"product_cat-kabelky-panske","9":"product_cat-kabelky","10":"product_cat-novinky","11":"product_cat-panske","13":"first","14":"instock","15":"taxable","16":"shipping-taxable","17":"purchasable","18":"product-type-simple"},"_links":{"self":[{"href":"https:\/\/www.maisondeluxeprague.com\/ru\/wp-json\/wp\/v2\/product\/5593","targetHints":{"allow":["GET"]}}],"collection":[{"href":"https:\/\/www.maisondeluxeprague.com\/ru\/wp-json\/wp\/v2\/product"}],"about":[{"href":"https:\/\/www.maisondeluxeprague.com\/ru\/wp-json\/wp\/v2\/types\/product"}],"wp:featuredmedia":[{"embeddable":true,"href":"https:\/\/www.maisondeluxeprague.com\/ru\/wp-json\/wp\/v2\/media\/5556"}],"wp:attachment":[{"href":"https:\/\/www.maisondeluxeprague.com\/ru\/wp-json\/wp\/v2\/media?parent=5593"}],"wp:term":[{"taxonomy":"product_brand","embeddable":true,"href":"https:\/\/www.maisondeluxeprague.com\/ru\/wp-json\/wp\/v2\/product_brand?post=5593"},{"taxonomy":"product_cat","embeddable":true,"href":"https:\/\/www.maisondeluxeprague.com\/ru\/wp-json\/wp\/v2\/product_cat?post=5593"},{"taxonomy":"product_tag","embeddable":true,"href":"https:\/\/www.maisondeluxeprague.com\/ru\/wp-json\/wp\/v2\/product_tag?post=5593"}],"curies":[{"name":"wp","href":"https:\/\/api.w.org\/{rel}","templated":true}]}}