{"id":5576,"date":"2026-04-04T15:35:44","date_gmt":"2026-04-04T13:35:44","guid":{"rendered":"https:\/\/www.maisondeluxeprague.com\/?post_type=product&#038;p=5576"},"modified":"2026-04-04T15:35:44","modified_gmt":"2026-04-04T13:35:44","slug":"louis-vuitton-neonoe","status":"publish","type":"product","link":"https:\/\/www.maisondeluxeprague.com\/ru\/produkt\/louis-vuitton-neonoe\/","title":{"rendered":"Louis Vuitton NeoNoe"},"content":{"rendered":"<p>Louis Vuitton NeoNoe MM Epi Leather Noir<\/p>\n<p>Kabelka m\u00e1 m\u011bn\u011bnou ko\u017eenou \u0161\u0148\u016frku<\/p>","protected":false},"excerpt":{"rendered":"<p>Louis Vuitton NeoNoe MM Epi Leather Noir Kabelka m\u00e1 m\u011bn\u011bnou ko\u017eenou \u0161\u0148\u016frku<\/p>","protected":false},"featured_media":5473,"template":"","meta":{"slim_seo":{"title":"Louis Vuitton NeoNoe - Maison de Luxe Prague","description":"Louis Vuitton NeoNoe MM Epi Leather Noir Kabelka m\u00e1 m\u011bn\u011bnou ko\u017eenou \u0161\u0148\u016frku"}},"product_brand":[77],"product_cat":[159,40,411],"product_tag":[],"class_list":{"0":"post-5576","1":"product","2":"type-product","3":"status-publish","4":"has-post-thumbnail","6":"product_brand-louis-vuitton","7":"product_cat-damske","8":"product_cat-kabelky","9":"product_cat-novinky","11":"first","12":"instock","13":"taxable","14":"shipping-taxable","15":"purchasable","16":"product-type-simple"},"_links":{"self":[{"href":"https:\/\/www.maisondeluxeprague.com\/ru\/wp-json\/wp\/v2\/product\/5576","targetHints":{"allow":["GET"]}}],"collection":[{"href":"https:\/\/www.maisondeluxeprague.com\/ru\/wp-json\/wp\/v2\/product"}],"about":[{"href":"https:\/\/www.maisondeluxeprague.com\/ru\/wp-json\/wp\/v2\/types\/product"}],"wp:featuredmedia":[{"embeddable":true,"href":"https:\/\/www.maisondeluxeprague.com\/ru\/wp-json\/wp\/v2\/media\/5473"}],"wp:attachment":[{"href":"https:\/\/www.maisondeluxeprague.com\/ru\/wp-json\/wp\/v2\/media?parent=5576"}],"wp:term":[{"taxonomy":"product_brand","embeddable":true,"href":"https:\/\/www.maisondeluxeprague.com\/ru\/wp-json\/wp\/v2\/product_brand?post=5576"},{"taxonomy":"product_cat","embeddable":true,"href":"https:\/\/www.maisondeluxeprague.com\/ru\/wp-json\/wp\/v2\/product_cat?post=5576"},{"taxonomy":"product_tag","embeddable":true,"href":"https:\/\/www.maisondeluxeprague.com\/ru\/wp-json\/wp\/v2\/product_tag?post=5576"}],"curies":[{"name":"wp","href":"https:\/\/api.w.org\/{rel}","templated":true}]}}