{"id":5573,"date":"2026-04-04T15:15:03","date_gmt":"2026-04-04T13:15:03","guid":{"rendered":"https:\/\/www.maisondeluxeprague.com\/?post_type=product&#038;p=5573"},"modified":"2026-04-06T11:09:23","modified_gmt":"2026-04-06T09:09:23","slug":"bottega-veneta-cabat","status":"publish","type":"product","link":"https:\/\/www.maisondeluxeprague.com\/ru\/produkt\/bottega-veneta-cabat\/","title":{"rendered":"Bottega Veneta Cabat"},"content":{"rendered":"<p>Bottega Veneta Large Zipped Cabat<\/p>\n<p>Aktu\u00e1ln\u00ed cena v obchod\u011b 5.500 <strong class=\"Yjhzub\" data-sfc-root=\"c\" data-sfc-cb=\"\">\u20ac<\/strong><\/p>","protected":false},"excerpt":{"rendered":"<p>Bottega Veneta Large Zipped Cabat Aktu\u00e1ln\u00ed cena v obchod\u011b 5.500 \u20ac<\/p>","protected":false},"featured_media":5443,"template":"","meta":{"slim_seo":{"title":"Bottega Veneta Cabat - Maison de Luxe Prague","description":"Bottega Veneta Large Zipped Cabat Aktu\u00e1ln\u00ed cena v obchod\u011b 5.500 \u20ac"}},"product_brand":[155],"product_cat":[426,159,161,40,411,158],"product_tag":[],"class_list":{"0":"post-5573","1":"product","2":"type-product","3":"status-publish","4":"has-post-thumbnail","6":"product_brand-bottega-veneta","7":"product_cat-zavazadla","8":"product_cat-damske","9":"product_cat-kabelky-panske","10":"product_cat-kabelky","11":"product_cat-novinky","12":"product_cat-panske","14":"first","15":"instock","16":"taxable","17":"shipping-taxable","18":"purchasable","19":"product-type-simple"},"_links":{"self":[{"href":"https:\/\/www.maisondeluxeprague.com\/ru\/wp-json\/wp\/v2\/product\/5573","targetHints":{"allow":["GET"]}}],"collection":[{"href":"https:\/\/www.maisondeluxeprague.com\/ru\/wp-json\/wp\/v2\/product"}],"about":[{"href":"https:\/\/www.maisondeluxeprague.com\/ru\/wp-json\/wp\/v2\/types\/product"}],"wp:featuredmedia":[{"embeddable":true,"href":"https:\/\/www.maisondeluxeprague.com\/ru\/wp-json\/wp\/v2\/media\/5443"}],"wp:attachment":[{"href":"https:\/\/www.maisondeluxeprague.com\/ru\/wp-json\/wp\/v2\/media?parent=5573"}],"wp:term":[{"taxonomy":"product_brand","embeddable":true,"href":"https:\/\/www.maisondeluxeprague.com\/ru\/wp-json\/wp\/v2\/product_brand?post=5573"},{"taxonomy":"product_cat","embeddable":true,"href":"https:\/\/www.maisondeluxeprague.com\/ru\/wp-json\/wp\/v2\/product_cat?post=5573"},{"taxonomy":"product_tag","embeddable":true,"href":"https:\/\/www.maisondeluxeprague.com\/ru\/wp-json\/wp\/v2\/product_tag?post=5573"}],"curies":[{"name":"wp","href":"https:\/\/api.w.org\/{rel}","templated":true}]}}