{"id":5425,"date":"2026-03-25T10:51:33","date_gmt":"2026-03-25T09:51:33","guid":{"rendered":"https:\/\/www.maisondeluxeprague.com\/?post_type=product&#038;p=5425"},"modified":"2026-04-10T13:26:02","modified_gmt":"2026-04-10T11:26:02","slug":"bottega-veneta-hobo-beige","status":"publish","type":"product","link":"https:\/\/www.maisondeluxeprague.com\/ru\/produkt\/bottega-veneta-hobo-beige\/","title":{"rendered":"Bottega Veneta Hobo Beige"},"content":{"rendered":"<p>Bottega Veneta Small Hobo Intrecciato Leather Bag<\/p>\n<p>Kabelka je po renovaci barvy a pod\u0161\u00edvka nese lehk\u00e9 zn\u00e1mky no\u0161en\u00ed.<\/p>","protected":false},"excerpt":{"rendered":"<p>Bottega Veneta Small Hobo Intrecciato Leather Bag Kabelka je po renovaci barvy a pod\u0161\u00edvka nese lehk\u00e9 zn\u00e1mky no\u0161en\u00ed.<\/p>","protected":false},"featured_media":4432,"template":"","meta":{"slim_seo":{"title":"Bottega Veneta Hobo Beige - Maison de Luxe Prague","description":"Bottega Veneta Small Hobo Intrecciato Leather Bag Kabelka je po renovaci barvy a pod\u0161\u00edvka nese lehk\u00e9 zn\u00e1mky no\u0161en\u00ed."}},"product_brand":[155],"product_cat":[159,40,411],"product_tag":[],"class_list":{"0":"post-5425","1":"product","2":"type-product","3":"status-publish","4":"has-post-thumbnail","6":"product_brand-bottega-veneta","7":"product_cat-damske","8":"product_cat-kabelky","9":"product_cat-novinky","11":"first","12":"outofstock","13":"taxable","14":"shipping-taxable","15":"purchasable","16":"product-type-simple"},"_links":{"self":[{"href":"https:\/\/www.maisondeluxeprague.com\/ru\/wp-json\/wp\/v2\/product\/5425","targetHints":{"allow":["GET"]}}],"collection":[{"href":"https:\/\/www.maisondeluxeprague.com\/ru\/wp-json\/wp\/v2\/product"}],"about":[{"href":"https:\/\/www.maisondeluxeprague.com\/ru\/wp-json\/wp\/v2\/types\/product"}],"wp:featuredmedia":[{"embeddable":true,"href":"https:\/\/www.maisondeluxeprague.com\/ru\/wp-json\/wp\/v2\/media\/4432"}],"wp:attachment":[{"href":"https:\/\/www.maisondeluxeprague.com\/ru\/wp-json\/wp\/v2\/media?parent=5425"}],"wp:term":[{"taxonomy":"product_brand","embeddable":true,"href":"https:\/\/www.maisondeluxeprague.com\/ru\/wp-json\/wp\/v2\/product_brand?post=5425"},{"taxonomy":"product_cat","embeddable":true,"href":"https:\/\/www.maisondeluxeprague.com\/ru\/wp-json\/wp\/v2\/product_cat?post=5425"},{"taxonomy":"product_tag","embeddable":true,"href":"https:\/\/www.maisondeluxeprague.com\/ru\/wp-json\/wp\/v2\/product_tag?post=5425"}],"curies":[{"name":"wp","href":"https:\/\/api.w.org\/{rel}","templated":true}]}}