{"id":5374,"date":"2026-03-17T23:10:40","date_gmt":"2026-03-17T22:10:40","guid":{"rendered":"https:\/\/www.maisondeluxeprague.com\/?post_type=product&#038;p=5374"},"modified":"2026-03-17T23:10:40","modified_gmt":"2026-03-17T22:10:40","slug":"chanel-woc-navy","status":"publish","type":"product","link":"https:\/\/www.maisondeluxeprague.com\/ru\/produkt\/chanel-woc-navy\/","title":{"rendered":"Chanel WOC Navy"},"content":{"rendered":"<p>Chanel Wallet on Chain Navy Caviar Leather<\/p>\n<p>Kabelka m\u00e1 vnit\u0159n\u00ed v\u00fdstu\u017e, aby hezky dr\u017eela tvar.<\/p>","protected":false},"excerpt":{"rendered":"<p>Chanel Wallet on Chain Navy Caviar Leather Kabelka m\u00e1 vnit\u0159n\u00ed v\u00fdstu\u017e, aby hezky dr\u017eela tvar.<\/p>","protected":false},"featured_media":5355,"template":"","meta":{"slim_seo":{"title":"Chanel WOC Navy - Maison de Luxe Prague","description":"Chanel Wallet on Chain Navy Caviar Leather Kabelka m\u00e1 vnit\u0159n\u00ed v\u00fdstu\u017e, aby hezky dr\u017eela tvar."}},"product_brand":[94],"product_cat":[159,40,411],"product_tag":[],"class_list":{"0":"post-5374","1":"product","2":"type-product","3":"status-publish","4":"has-post-thumbnail","6":"product_brand-chanel","7":"product_cat-damske","8":"product_cat-kabelky","9":"product_cat-novinky","11":"first","12":"instock","13":"taxable","14":"shipping-taxable","15":"purchasable","16":"product-type-simple"},"_links":{"self":[{"href":"https:\/\/www.maisondeluxeprague.com\/ru\/wp-json\/wp\/v2\/product\/5374","targetHints":{"allow":["GET"]}}],"collection":[{"href":"https:\/\/www.maisondeluxeprague.com\/ru\/wp-json\/wp\/v2\/product"}],"about":[{"href":"https:\/\/www.maisondeluxeprague.com\/ru\/wp-json\/wp\/v2\/types\/product"}],"wp:featuredmedia":[{"embeddable":true,"href":"https:\/\/www.maisondeluxeprague.com\/ru\/wp-json\/wp\/v2\/media\/5355"}],"wp:attachment":[{"href":"https:\/\/www.maisondeluxeprague.com\/ru\/wp-json\/wp\/v2\/media?parent=5374"}],"wp:term":[{"taxonomy":"product_brand","embeddable":true,"href":"https:\/\/www.maisondeluxeprague.com\/ru\/wp-json\/wp\/v2\/product_brand?post=5374"},{"taxonomy":"product_cat","embeddable":true,"href":"https:\/\/www.maisondeluxeprague.com\/ru\/wp-json\/wp\/v2\/product_cat?post=5374"},{"taxonomy":"product_tag","embeddable":true,"href":"https:\/\/www.maisondeluxeprague.com\/ru\/wp-json\/wp\/v2\/product_tag?post=5374"}],"curies":[{"name":"wp","href":"https:\/\/api.w.org\/{rel}","templated":true}]}}