{"id":5293,"date":"2026-03-17T22:19:50","date_gmt":"2026-03-17T21:19:50","guid":{"rendered":"https:\/\/www.maisondeluxeprague.com\/?post_type=product&#038;p=5293"},"modified":"2026-03-19T12:50:43","modified_gmt":"2026-03-19T11:50:43","slug":"bottega-veneta-hobo-5","status":"publish","type":"product","link":"https:\/\/www.maisondeluxeprague.com\/ru\/produkt\/bottega-veneta-hobo-5\/","title":{"rendered":"Bottega Veneta Hobo"},"content":{"rendered":"<p>Bottega Veneta Hobo Medium Purple Intrecciato<\/p>\n<p>Kabelka je po renovaci barvy a m\u00e1 zne\u010di\u0161t\u011bn\u00fd vnit\u0159ek.<\/p>","protected":false},"excerpt":{"rendered":"<p>Bottega Veneta Hobo Medium Purple Intrecciato Kabelka je po renovaci barvy a m\u00e1 zne\u010di\u0161t\u011bn\u00fd vnit\u0159ek.<\/p>","protected":false},"featured_media":5222,"template":"","meta":{"slim_seo":{"title":"Bottega Veneta Hobo - Maison de Luxe Prague","description":"Bottega Veneta Hobo Medium Purple Intrecciato Kabelka je po renovaci barvy a m\u00e1 zne\u010di\u0161t\u011bn\u00fd vnit\u0159ek."}},"product_brand":[155],"product_cat":[159,40,411],"product_tag":[],"class_list":{"0":"post-5293","1":"product","2":"type-product","3":"status-publish","4":"has-post-thumbnail","6":"product_brand-bottega-veneta","7":"product_cat-damske","8":"product_cat-kabelky","9":"product_cat-novinky","11":"first","12":"instock","13":"taxable","14":"shipping-taxable","15":"purchasable","16":"product-type-simple"},"_links":{"self":[{"href":"https:\/\/www.maisondeluxeprague.com\/ru\/wp-json\/wp\/v2\/product\/5293","targetHints":{"allow":["GET"]}}],"collection":[{"href":"https:\/\/www.maisondeluxeprague.com\/ru\/wp-json\/wp\/v2\/product"}],"about":[{"href":"https:\/\/www.maisondeluxeprague.com\/ru\/wp-json\/wp\/v2\/types\/product"}],"wp:featuredmedia":[{"embeddable":true,"href":"https:\/\/www.maisondeluxeprague.com\/ru\/wp-json\/wp\/v2\/media\/5222"}],"wp:attachment":[{"href":"https:\/\/www.maisondeluxeprague.com\/ru\/wp-json\/wp\/v2\/media?parent=5293"}],"wp:term":[{"taxonomy":"product_brand","embeddable":true,"href":"https:\/\/www.maisondeluxeprague.com\/ru\/wp-json\/wp\/v2\/product_brand?post=5293"},{"taxonomy":"product_cat","embeddable":true,"href":"https:\/\/www.maisondeluxeprague.com\/ru\/wp-json\/wp\/v2\/product_cat?post=5293"},{"taxonomy":"product_tag","embeddable":true,"href":"https:\/\/www.maisondeluxeprague.com\/ru\/wp-json\/wp\/v2\/product_tag?post=5293"}],"curies":[{"name":"wp","href":"https:\/\/api.w.org\/{rel}","templated":true}]}}