{"id":5093,"date":"2026-02-27T12:07:10","date_gmt":"2026-02-27T11:07:10","guid":{"rendered":"https:\/\/www.maisondeluxeprague.com\/?post_type=product&#038;p=5093"},"modified":"2026-03-09T20:39:31","modified_gmt":"2026-03-09T19:39:31","slug":"chanel-mini-single-flap","status":"publish","type":"product","link":"https:\/\/www.maisondeluxeprague.com\/ru\/produkt\/chanel-mini-single-flap\/","title":{"rendered":"Chanel Mini Single Flap"},"content":{"rendered":"<p>Chanel Vintage Classic Mini Single Flap<\/p>\n<p>Kabelka je po renovaci vnit\u0159ku<\/p>\n<p>Prod\u00e1v\u00e1me v\u010detn\u011b karti\u010dky autenticity<\/p>","protected":false},"excerpt":{"rendered":"<p>Chanel Vintage Classic Mini Single Flap Kabelka je po renovaci vnit\u0159ku Prod\u00e1v\u00e1me v\u010detn\u011b karti\u010dky autenticity<\/p>","protected":false},"featured_media":4943,"template":"","meta":{"slim_seo":{"title":"Chanel Mini Single Flap - Maison de Luxe Prague","description":"Chanel Vintage Classic Mini Single Flap Kabelka je po renovaci vnit\u0159ku Prod\u00e1v\u00e1me v\u010detn\u011b karti\u010dky autenticity"}},"product_brand":[94],"product_cat":[159,40,411],"product_tag":[],"class_list":{"0":"post-5093","1":"product","2":"type-product","3":"status-publish","4":"has-post-thumbnail","6":"product_brand-chanel","7":"product_cat-damske","8":"product_cat-kabelky","9":"product_cat-novinky","11":"first","12":"outofstock","13":"taxable","14":"shipping-taxable","15":"purchasable","16":"product-type-simple"},"_links":{"self":[{"href":"https:\/\/www.maisondeluxeprague.com\/ru\/wp-json\/wp\/v2\/product\/5093","targetHints":{"allow":["GET"]}}],"collection":[{"href":"https:\/\/www.maisondeluxeprague.com\/ru\/wp-json\/wp\/v2\/product"}],"about":[{"href":"https:\/\/www.maisondeluxeprague.com\/ru\/wp-json\/wp\/v2\/types\/product"}],"wp:featuredmedia":[{"embeddable":true,"href":"https:\/\/www.maisondeluxeprague.com\/ru\/wp-json\/wp\/v2\/media\/4943"}],"wp:attachment":[{"href":"https:\/\/www.maisondeluxeprague.com\/ru\/wp-json\/wp\/v2\/media?parent=5093"}],"wp:term":[{"taxonomy":"product_brand","embeddable":true,"href":"https:\/\/www.maisondeluxeprague.com\/ru\/wp-json\/wp\/v2\/product_brand?post=5093"},{"taxonomy":"product_cat","embeddable":true,"href":"https:\/\/www.maisondeluxeprague.com\/ru\/wp-json\/wp\/v2\/product_cat?post=5093"},{"taxonomy":"product_tag","embeddable":true,"href":"https:\/\/www.maisondeluxeprague.com\/ru\/wp-json\/wp\/v2\/product_tag?post=5093"}],"curies":[{"name":"wp","href":"https:\/\/api.w.org\/{rel}","templated":true}]}}