{"id":5081,"date":"2026-02-27T11:32:43","date_gmt":"2026-02-27T10:32:43","guid":{"rendered":"https:\/\/www.maisondeluxeprague.com\/?post_type=product&#038;p=5081"},"modified":"2026-02-27T11:32:43","modified_gmt":"2026-02-27T10:32:43","slug":"bottega-veneta-bow","status":"publish","type":"product","link":"https:\/\/www.maisondeluxeprague.com\/ru\/produkt\/bottega-veneta-bow\/","title":{"rendered":"Bottega Veneta Bow"},"content":{"rendered":"<p>\u0421\u0443\u043c\u043a\u0430 Bottega Veneta Intrecciato Tote \u0441 \u0434\u0435\u043a\u043e\u0440\u0430\u0442\u0438\u0432\u043d\u044b\u043c \u0431\u0430\u043d\u0442\u043e\u043c.<\/p>\n<p>\u0421\u0443\u043c\u043a\u0430 \u043f\u0440\u043e\u0448\u043b\u0430 \u0440\u0435\u0441\u0442\u0430\u0432\u0440\u0430\u0446\u0438\u044e \u0441\u0442\u043e\u0440\u043e\u043d\u043d\u0435\u0439 \u043a\u043e\u043c\u043f\u0430\u043d\u0438\u0435\u0439.<\/p>","protected":false},"excerpt":{"rendered":"<p>Bottega Veneta Tote Intrecciato Bow Bag Kabelka je po lehk\u00e9 renovaci barvy t\u0159et\u00ed stranou.<\/p>","protected":false},"featured_media":4982,"template":"","meta":{"slim_seo":{"title":"Bottega Veneta Bow - Maison de Luxe Prague","description":"Bottega Veneta Tote Intrecciato Bow Bag Kabelka je po lehk\u00e9 renovaci barvy t\u0159et\u00ed stranou."}},"product_brand":[155],"product_cat":[159,40,411],"product_tag":[],"class_list":{"0":"post-5081","1":"product","2":"type-product","3":"status-publish","4":"has-post-thumbnail","6":"product_brand-bottega-veneta","7":"product_cat-damske","8":"product_cat-kabelky","9":"product_cat-novinky","11":"first","12":"instock","13":"taxable","14":"shipping-taxable","15":"purchasable","16":"product-type-simple"},"_links":{"self":[{"href":"https:\/\/www.maisondeluxeprague.com\/ru\/wp-json\/wp\/v2\/product\/5081","targetHints":{"allow":["GET"]}}],"collection":[{"href":"https:\/\/www.maisondeluxeprague.com\/ru\/wp-json\/wp\/v2\/product"}],"about":[{"href":"https:\/\/www.maisondeluxeprague.com\/ru\/wp-json\/wp\/v2\/types\/product"}],"wp:featuredmedia":[{"embeddable":true,"href":"https:\/\/www.maisondeluxeprague.com\/ru\/wp-json\/wp\/v2\/media\/4982"}],"wp:attachment":[{"href":"https:\/\/www.maisondeluxeprague.com\/ru\/wp-json\/wp\/v2\/media?parent=5081"}],"wp:term":[{"taxonomy":"product_brand","embeddable":true,"href":"https:\/\/www.maisondeluxeprague.com\/ru\/wp-json\/wp\/v2\/product_brand?post=5081"},{"taxonomy":"product_cat","embeddable":true,"href":"https:\/\/www.maisondeluxeprague.com\/ru\/wp-json\/wp\/v2\/product_cat?post=5081"},{"taxonomy":"product_tag","embeddable":true,"href":"https:\/\/www.maisondeluxeprague.com\/ru\/wp-json\/wp\/v2\/product_tag?post=5081"}],"curies":[{"name":"wp","href":"https:\/\/api.w.org\/{rel}","templated":true}]}}