{"id":5076,"date":"2026-02-28T10:59:47","date_gmt":"2026-02-28T09:59:47","guid":{"rendered":"https:\/\/www.maisondeluxeprague.com\/?post_type=product&#038;p=5076"},"modified":"2026-04-05T17:40:04","modified_gmt":"2026-04-05T15:40:04","slug":"chanel-white-stitch","status":"publish","type":"product","link":"https:\/\/www.maisondeluxeprague.com\/ru\/produkt\/chanel-white-stitch\/","title":{"rendered":"Chanel White Stitch"},"content":{"rendered":"<p>Chanel White Stitch Tote Leather Bag<\/p>\n<p>Kabelka je po renovaci barvy a profesion\u00e1ln\u00edm \u010di\u0161t\u011bn\u00ed vnit\u0159ku &#8211; skvrny na pod\u0161\u00edvce ne\u0161ly vy\u010distit.<\/p>","protected":false},"excerpt":{"rendered":"<p>Chanel White Stitch Tote Leather Bag Kabelka je po renovaci barvy a profesion\u00e1ln\u00edm \u010di\u0161t\u011bn\u00ed vnit\u0159ku &#8211; skvrny na pod\u0161\u00edvce ne\u0161ly vy\u010distit.<\/p>","protected":false},"featured_media":5074,"template":"","meta":{"slim_seo":{"title":"Chanel White Stitch - Maison de Luxe Prague","description":"Chanel White Stitch Tote Leather Bag Kabelka je po renovaci barvy a profesion\u00e1ln\u00edm \u010di\u0161t\u011bn\u00ed vnit\u0159ku - skvrny na pod\u0161\u00edvce ne\u0161ly vy\u010distit."}},"product_brand":[94],"product_cat":[159,40,411],"product_tag":[],"class_list":{"0":"post-5076","1":"product","2":"type-product","3":"status-publish","4":"has-post-thumbnail","6":"product_brand-chanel","7":"product_cat-damske","8":"product_cat-kabelky","9":"product_cat-novinky","11":"first","12":"outofstock","13":"taxable","14":"shipping-taxable","15":"purchasable","16":"product-type-simple"},"_links":{"self":[{"href":"https:\/\/www.maisondeluxeprague.com\/ru\/wp-json\/wp\/v2\/product\/5076","targetHints":{"allow":["GET"]}}],"collection":[{"href":"https:\/\/www.maisondeluxeprague.com\/ru\/wp-json\/wp\/v2\/product"}],"about":[{"href":"https:\/\/www.maisondeluxeprague.com\/ru\/wp-json\/wp\/v2\/types\/product"}],"wp:featuredmedia":[{"embeddable":true,"href":"https:\/\/www.maisondeluxeprague.com\/ru\/wp-json\/wp\/v2\/media\/5074"}],"wp:attachment":[{"href":"https:\/\/www.maisondeluxeprague.com\/ru\/wp-json\/wp\/v2\/media?parent=5076"}],"wp:term":[{"taxonomy":"product_brand","embeddable":true,"href":"https:\/\/www.maisondeluxeprague.com\/ru\/wp-json\/wp\/v2\/product_brand?post=5076"},{"taxonomy":"product_cat","embeddable":true,"href":"https:\/\/www.maisondeluxeprague.com\/ru\/wp-json\/wp\/v2\/product_cat?post=5076"},{"taxonomy":"product_tag","embeddable":true,"href":"https:\/\/www.maisondeluxeprague.com\/ru\/wp-json\/wp\/v2\/product_tag?post=5076"}],"curies":[{"name":"wp","href":"https:\/\/api.w.org\/{rel}","templated":true}]}}