{"id":4913,"date":"2026-02-26T13:17:46","date_gmt":"2026-02-26T12:17:46","guid":{"rendered":"https:\/\/www.maisondeluxeprague.com\/?post_type=product&#038;p=4913"},"modified":"2026-02-27T11:15:27","modified_gmt":"2026-02-27T10:15:27","slug":"louis-vuitton-keepall-50","status":"publish","type":"product","link":"https:\/\/www.maisondeluxeprague.com\/ru\/produkt\/louis-vuitton-keepall-50\/","title":{"rendered":"Louis Vuitton Keepall 50"},"content":{"rendered":"<p>Prod\u00e1v\u00e1me v\u010detn\u011b popruhu, name tagu a z\u00e1me\u010dku s kl\u00ed\u010dem.<\/p>\n<p>Ko\u017een\u00e9 \u010d\u00e1sti byly m\u011bn\u011bny za nov\u00e9.<\/p>","protected":false},"excerpt":{"rendered":"<p>Prod\u00e1v\u00e1me v\u010detn\u011b popruhu, name tagu a z\u00e1me\u010dku s kl\u00ed\u010dem. Ko\u017een\u00e9 \u010d\u00e1sti byly m\u011bn\u011bny za nov\u00e9.<\/p>","protected":false},"featured_media":4923,"template":"","meta":{"slim_seo":{"title":"Louis Vuitton Keepall 50 - Maison de Luxe Prague","description":"Prod\u00e1v\u00e1me v\u010detn\u011b popruhu, name tagu a z\u00e1me\u010dku s kl\u00ed\u010dem. Ko\u017een\u00e9 \u010d\u00e1sti byly m\u011bn\u011bny za nov\u00e9."}},"product_brand":[77],"product_cat":[426,159,411,158],"product_tag":[],"class_list":{"0":"post-4913","1":"product","2":"type-product","3":"status-publish","4":"has-post-thumbnail","6":"product_brand-louis-vuitton","7":"product_cat-zavazadla","8":"product_cat-damske","9":"product_cat-novinky","10":"product_cat-panske","12":"first","13":"outofstock","14":"taxable","15":"shipping-taxable","16":"purchasable","17":"product-type-simple"},"_links":{"self":[{"href":"https:\/\/www.maisondeluxeprague.com\/ru\/wp-json\/wp\/v2\/product\/4913","targetHints":{"allow":["GET"]}}],"collection":[{"href":"https:\/\/www.maisondeluxeprague.com\/ru\/wp-json\/wp\/v2\/product"}],"about":[{"href":"https:\/\/www.maisondeluxeprague.com\/ru\/wp-json\/wp\/v2\/types\/product"}],"wp:featuredmedia":[{"embeddable":true,"href":"https:\/\/www.maisondeluxeprague.com\/ru\/wp-json\/wp\/v2\/media\/4923"}],"wp:attachment":[{"href":"https:\/\/www.maisondeluxeprague.com\/ru\/wp-json\/wp\/v2\/media?parent=4913"}],"wp:term":[{"taxonomy":"product_brand","embeddable":true,"href":"https:\/\/www.maisondeluxeprague.com\/ru\/wp-json\/wp\/v2\/product_brand?post=4913"},{"taxonomy":"product_cat","embeddable":true,"href":"https:\/\/www.maisondeluxeprague.com\/ru\/wp-json\/wp\/v2\/product_cat?post=4913"},{"taxonomy":"product_tag","embeddable":true,"href":"https:\/\/www.maisondeluxeprague.com\/ru\/wp-json\/wp\/v2\/product_tag?post=4913"}],"curies":[{"name":"wp","href":"https:\/\/api.w.org\/{rel}","templated":true}]}}