{"id":4880,"date":"2026-02-03T12:07:38","date_gmt":"2026-02-03T11:07:38","guid":{"rendered":"https:\/\/www.maisondeluxeprague.com\/?post_type=product&#038;p=4880"},"modified":"2026-02-03T12:07:38","modified_gmt":"2026-02-03T11:07:38","slug":"chanel-broz","status":"publish","type":"product","link":"https:\/\/www.maisondeluxeprague.com\/ru\/produkt\/chanel-broz\/","title":{"rendered":"Chanel Brooch"},"content":{"rendered":"<p>Chanel CC Brooch<\/p>\n<p>\u042d\u0442\u043e \u0432\u0438\u043d\u0442\u0430\u0436\u043d\u0430\u044f \u0432\u0435\u0449\u044c \u2014 \u0437\u0430\u0441\u0442\u0451\u0436\u043a\u0430 \u043c\u043e\u0436\u0435\u0442 \u0437\u0430\u043a\u0440\u044b\u0432\u0430\u0442\u044c\u0441\u044f \u043d\u0435\u043c\u043d\u043e\u0433\u043e \u0442\u0443\u0436\u0435.<\/p>","protected":false},"excerpt":{"rendered":"<p>Chanel CC Brooch Jedn\u00e1 se o vintage kousek &#8211; zap\u00edn\u00e1 se lehce obt\u00ed\u017en\u011bji.<\/p>","protected":false},"featured_media":4538,"template":"","meta":{"slim_seo":{"title":"Chanel bro\u017e - Maison de Luxe Prague","description":"Chanel CC Brooch Jedn\u00e1 se o vintage kousek - zap\u00edn\u00e1 se lehce obt\u00ed\u017en\u011bji."}},"product_brand":[94],"product_cat":[159,411,156],"product_tag":[],"class_list":{"0":"post-4880","1":"product","2":"type-product","3":"status-publish","4":"has-post-thumbnail","6":"product_brand-chanel","7":"product_cat-damske","8":"product_cat-novinky","9":"product_cat-sperky","11":"first","12":"instock","13":"taxable","14":"shipping-taxable","15":"purchasable","16":"product-type-simple"},"_links":{"self":[{"href":"https:\/\/www.maisondeluxeprague.com\/ru\/wp-json\/wp\/v2\/product\/4880","targetHints":{"allow":["GET"]}}],"collection":[{"href":"https:\/\/www.maisondeluxeprague.com\/ru\/wp-json\/wp\/v2\/product"}],"about":[{"href":"https:\/\/www.maisondeluxeprague.com\/ru\/wp-json\/wp\/v2\/types\/product"}],"wp:featuredmedia":[{"embeddable":true,"href":"https:\/\/www.maisondeluxeprague.com\/ru\/wp-json\/wp\/v2\/media\/4538"}],"wp:attachment":[{"href":"https:\/\/www.maisondeluxeprague.com\/ru\/wp-json\/wp\/v2\/media?parent=4880"}],"wp:term":[{"taxonomy":"product_brand","embeddable":true,"href":"https:\/\/www.maisondeluxeprague.com\/ru\/wp-json\/wp\/v2\/product_brand?post=4880"},{"taxonomy":"product_cat","embeddable":true,"href":"https:\/\/www.maisondeluxeprague.com\/ru\/wp-json\/wp\/v2\/product_cat?post=4880"},{"taxonomy":"product_tag","embeddable":true,"href":"https:\/\/www.maisondeluxeprague.com\/ru\/wp-json\/wp\/v2\/product_tag?post=4880"}],"curies":[{"name":"wp","href":"https:\/\/api.w.org\/{rel}","templated":true}]}}