{"id":4879,"date":"2026-02-03T11:15:04","date_gmt":"2026-02-03T10:15:04","guid":{"rendered":"https:\/\/www.maisondeluxeprague.com\/?post_type=product&#038;p=4879"},"modified":"2026-02-23T14:28:23","modified_gmt":"2026-02-23T13:28:23","slug":"bottega-veneta-hobo-4","status":"publish","type":"product","link":"https:\/\/www.maisondeluxeprague.com\/ru\/produkt\/bottega-veneta-hobo-4\/","title":{"rendered":"Bottega Veneta Hobo"},"content":{"rendered":"<p>Bottega Veneta Intrecciato Hobo Bag<\/p>\n<p>\u041d\u0430 \u043a\u0440\u0430\u044f\u0445 \u0440\u0443\u0447\u043a\u0438 \u0438\u043c\u0435\u044e\u0442\u0441\u044f \u0442\u0440\u0435\u0449\u0438\u043d\u044b.<\/p>\n<p>\u041a\u0430\u0436\u0434\u0430\u044f \u0441\u0443\u043c\u043a\u0430, \u043f\u0440\u0435\u0434\u0441\u0442\u0430\u0432\u043b\u0435\u043d\u043d\u0430\u044f \u0432 \u043d\u0430\u0448\u0435\u043c \u043c\u0430\u0433\u0430\u0437\u0438\u043d\u0435, \u043f\u0440\u043e\u0445\u043e\u0434\u0438\u0442 \u0442\u0449\u0430\u0442\u0435\u043b\u044c\u043d\u0443\u044e <em>\u0447\u0438\u0441\u0442\u043a\u0443<\/em> \u0438 \u0434\u0435\u043b\u0438\u043a\u0430\u0442\u043d\u0443\u044e <em>\u0440\u0435\u0441\u0442\u0430\u0432\u0440\u0430\u0446\u0438\u044e,<\/em>\u0447\u0442\u043e\u0431\u044b \u0432\u0435\u0440\u043d\u0443\u0442\u044c \u0435\u0439 \u043f\u0435\u0440\u0432\u043e\u043d\u0430\u0447\u0430\u043b\u044c\u043d\u044b\u0439 \u0431\u043b\u0435\u0441\u043a. \u041f\u043e\u043b\u043d\u0430\u044f <em>\u043f\u0440\u043e\u0432\u0435\u0440\u043a\u0430 \u043f\u043e\u0434\u043b\u0438\u043d\u043d\u043e\u0441\u0442\u0438<\/em>\u0440\u0430\u0437\u0443\u043c\u0435\u0435\u0442\u0441\u044f, \u044f\u0432\u043b\u044f\u0435\u0442\u0441\u044f \u0447\u0430\u0441\u0442\u044c\u044e \u044d\u0442\u043e\u0433\u043e \u043f\u0440\u043e\u0446\u0435\u0441\u0441\u0430 \u0438 \u043f\u043e\u0434\u0434\u0435\u0440\u0436\u0438\u0432\u0430\u0435\u0442\u0441\u044f \u043c\u0435\u0436\u0434\u0443\u043d\u0430\u0440\u043e\u0434\u043d\u044b\u043c \u043e\u0431\u0443\u0447\u0435\u043d\u0438\u0435\u043c \u0438 \u043c\u043d\u043e\u0433\u043e\u043b\u0435\u0442\u043d\u0438\u043c \u043e\u043f\u044b\u0442\u043e\u043c \u0440\u0430\u0431\u043e\u0442\u044b \u0432 \u0438\u043d\u0434\u0443\u0441\u0442\u0440\u0438\u0438 \u043c\u043e\u0434\u044b. \u0411\u043b\u0430\u0433\u043e\u0434\u0430\u0440\u044f \u044d\u0442\u043e\u043c\u0443 \u043c\u044b \u0432\u0441\u0435\u0433\u0434\u0430 \u043c\u043e\u0436\u0435\u043c \u0433\u0430\u0440\u0430\u043d\u0442\u0438\u0440\u043e\u0432\u0430\u0442\u044c <em>100% \u043f\u043e\u0434\u043b\u0438\u043d\u043d\u043e\u0441\u0442\u044c.<\/em>.<\/p>\n<p>\u0417\u0430\u0445\u043e\u0434\u0438\u0442\u0435 \u0432 \u043d\u0430\u0448 \u0448\u043e\u0443\u0440\u0443\u043c \u043d\u0430 \u0412\u0430\u0446\u043b\u0430\u0432\u0441\u043a\u043e\u0439 \u043f\u043b\u043e\u0449\u0430\u0434\u0438 \u2014 \u043c\u044b \u0443\u0433\u043e\u0441\u0442\u0438\u043c \u0432\u0430\u0441 \u043a\u043e\u0444\u0435 \u0438 \u043f\u0440\u0435\u0434\u043e\u0441\u0442\u0430\u0432\u0438\u043c \u0432\u043e\u0437\u043c\u043e\u0436\u043d\u043e\u0441\u0442\u044c \u0441\u043f\u043e\u043a\u043e\u0439\u043d\u043e \u043e\u0437\u043d\u0430\u043a\u043e\u043c\u0438\u0442\u044c\u0441\u044f \u0441 \u0430\u0441\u0441\u043e\u0440\u0442\u0438\u043c\u0435\u043d\u0442\u043e\u043c.<br \/>\n\u0415\u0441\u043b\u0438 \u0432\u0430\u043c \u0438\u043d\u0442\u0435\u0440\u0435\u0441\u043d\u0430 \u043d\u0430\u0448\u0430 \u0438\u0441\u0442\u043e\u0440\u0438\u044f, \u043f\u043e\u0441\u0435\u0442\u0438\u0442\u0435 \u0440\u0430\u0437\u0434\u0435\u043b <strong><a href=\"https:\/\/www.maisondeluxeprague.com\/ru\/o-nas\/?wmc-currency=CZK\">\u041e \u043d\u0430\u0441<\/a><\/strong> \u043d\u0430 \u043d\u0430\u0448\u0435\u043c \u0441\u0430\u0439\u0442\u0435.<\/p>","protected":false},"excerpt":{"rendered":"<p>Bottega Veneta Intrecciato Hobo Bag Kabelka m\u00e1 popraskan\u00e9 lemy na u\u0161\u00edch. Ka\u017ed\u00e1 kabelka, kterou nab\u00edz\u00edme, projde pe\u010dliv\u00fdm \u010di\u0161t\u011bn\u00edm a jemnou obnovou, aby znovu z\u00edskala sv\u016fj p\u016fvodn\u00ed lesk. Samoz\u0159ejmost\u00ed je tak\u00e9 d\u016fkladn\u00e9 ov\u011b\u0159en\u00ed autenticity, op\u0159en\u00e9 o zahrani\u010dn\u00ed v\u00fdcvik a dlouholet\u00e9 zku\u0161enosti v od\u011bvn\u00edm pr\u016fmyslu. D\u00edky tomu v\u00e1m m\u016f\u017eeme v\u017edy zaru\u010dit 100% pravost. P\u0159ij\u010fte se za n\u00e1mi [&hellip;]<\/p>\n","protected":false},"featured_media":3238,"template":"","meta":{"slim_seo":{"title":"Bottega Veneta Hobo - Maison de Luxe Prague","description":"Bottega Veneta Intrecciato Hobo Bag Kabelka m\u00e1 popraskan\u00e9 lemy na u\u0161\u00edch. Ka\u017ed\u00e1 kabelka, kterou nab\u00edz\u00edme, projde pe\u010dliv\u00fdm \u010di\u0161t\u011bn\u00edm a jemnou obnovou , aby znovu z"}},"product_brand":[155],"product_cat":[159,40,411],"product_tag":[],"class_list":{"0":"post-4879","1":"product","2":"type-product","3":"status-publish","4":"has-post-thumbnail","6":"product_brand-bottega-veneta","7":"product_cat-damske","8":"product_cat-kabelky","9":"product_cat-novinky","11":"first","12":"instock","13":"taxable","14":"shipping-taxable","15":"purchasable","16":"product-type-simple"},"_links":{"self":[{"href":"https:\/\/www.maisondeluxeprague.com\/ru\/wp-json\/wp\/v2\/product\/4879","targetHints":{"allow":["GET"]}}],"collection":[{"href":"https:\/\/www.maisondeluxeprague.com\/ru\/wp-json\/wp\/v2\/product"}],"about":[{"href":"https:\/\/www.maisondeluxeprague.com\/ru\/wp-json\/wp\/v2\/types\/product"}],"wp:featuredmedia":[{"embeddable":true,"href":"https:\/\/www.maisondeluxeprague.com\/ru\/wp-json\/wp\/v2\/media\/3238"}],"wp:attachment":[{"href":"https:\/\/www.maisondeluxeprague.com\/ru\/wp-json\/wp\/v2\/media?parent=4879"}],"wp:term":[{"taxonomy":"product_brand","embeddable":true,"href":"https:\/\/www.maisondeluxeprague.com\/ru\/wp-json\/wp\/v2\/product_brand?post=4879"},{"taxonomy":"product_cat","embeddable":true,"href":"https:\/\/www.maisondeluxeprague.com\/ru\/wp-json\/wp\/v2\/product_cat?post=4879"},{"taxonomy":"product_tag","embeddable":true,"href":"https:\/\/www.maisondeluxeprague.com\/ru\/wp-json\/wp\/v2\/product_tag?post=4879"}],"curies":[{"name":"wp","href":"https:\/\/api.w.org\/{rel}","templated":true}]}}