{"id":4861,"date":"2026-01-28T09:54:46","date_gmt":"2026-01-28T08:54:46","guid":{"rendered":"https:\/\/www.maisondeluxeprague.com\/?post_type=product&#038;p=4861"},"modified":"2026-01-28T09:54:56","modified_gmt":"2026-01-28T08:54:56","slug":"chanel-maxi-shopping-bag","status":"publish","type":"product","link":"https:\/\/www.maisondeluxeprague.com\/ru\/produkt\/chanel-maxi-shopping-bag\/","title":{"rendered":"Chanel Maxi Shopping Bag"},"content":{"rendered":"<p>Chanel Maxi Shopping Red Wool Bag<\/p>\n<p>\u0417\u0438\u043c\u043d\u044f\u044f \u043a\u043e\u043b\u043b\u0435\u043a\u0446\u0438\u044f 2011 \u043e\u0442 \u041a\u0430\u0440\u043b\u0430 \u041b\u0430\u0433\u0435\u0440\u0444\u0435\u043b\u044c\u0434\u0430.<\/p>\n<p>\u0414\u0430\u0442\u0430\u043a\u043e\u0434 \u043f\u043b\u043e\u0445\u043e \u0432\u0438\u0434\u0435\u043d, \u043f\u043e\u044d\u0442\u043e\u043c\u0443 \u0432 \u043a\u043e\u043c\u043f\u043b\u0435\u043a\u0442\u0435 \u0441\u0435\u0440\u0442\u0438\u0444\u0438\u043a\u0430\u0442 \u043f\u043e\u0434\u043b\u0438\u043d\u043d\u043e\u0441\u0442\u0438 Entrupy.<\/p>\n<p>&nbsp;<\/p>","protected":false},"excerpt":{"rendered":"<p>Chanel Maxi Shopping Red Wool Bag Kabelka je z kolekce Zima 2011 navr\u017een\u00e1 Karlem Lagerfeldem Kabelka m\u00e1 \u0161patn\u011b \u010diteln\u00fd datacode, proto p\u0159ikl\u00e1d\u00e1me Entrupy certifik\u00e1t pravosti. &nbsp;<\/p>","protected":false},"featured_media":4838,"template":"","meta":{"slim_seo":{"title":"Chanel Maxi Shopping Bag - Maison de Luxe Prague","description":"Chanel Maxi Shopping Red Wool Bag Kabelka je z kolekce Zima 2011 navr\u017een\u00e1 Karlem Lagerfeldem Kabelka m\u00e1 \u0161patn\u011b \u010diteln\u00fd datacode, proto p\u0159ikl\u00e1d\u00e1me Entrupy certif"}},"product_brand":[94],"product_cat":[159,40,411],"product_tag":[],"class_list":{"0":"post-4861","1":"product","2":"type-product","3":"status-publish","4":"has-post-thumbnail","6":"product_brand-chanel","7":"product_cat-damske","8":"product_cat-kabelky","9":"product_cat-novinky","11":"first","12":"instock","13":"taxable","14":"shipping-taxable","15":"purchasable","16":"product-type-simple"},"_links":{"self":[{"href":"https:\/\/www.maisondeluxeprague.com\/ru\/wp-json\/wp\/v2\/product\/4861","targetHints":{"allow":["GET"]}}],"collection":[{"href":"https:\/\/www.maisondeluxeprague.com\/ru\/wp-json\/wp\/v2\/product"}],"about":[{"href":"https:\/\/www.maisondeluxeprague.com\/ru\/wp-json\/wp\/v2\/types\/product"}],"wp:featuredmedia":[{"embeddable":true,"href":"https:\/\/www.maisondeluxeprague.com\/ru\/wp-json\/wp\/v2\/media\/4838"}],"wp:attachment":[{"href":"https:\/\/www.maisondeluxeprague.com\/ru\/wp-json\/wp\/v2\/media?parent=4861"}],"wp:term":[{"taxonomy":"product_brand","embeddable":true,"href":"https:\/\/www.maisondeluxeprague.com\/ru\/wp-json\/wp\/v2\/product_brand?post=4861"},{"taxonomy":"product_cat","embeddable":true,"href":"https:\/\/www.maisondeluxeprague.com\/ru\/wp-json\/wp\/v2\/product_cat?post=4861"},{"taxonomy":"product_tag","embeddable":true,"href":"https:\/\/www.maisondeluxeprague.com\/ru\/wp-json\/wp\/v2\/product_tag?post=4861"}],"curies":[{"name":"wp","href":"https:\/\/api.w.org\/{rel}","templated":true}]}}