{"id":4849,"date":"2026-01-28T00:47:40","date_gmt":"2026-01-27T23:47:40","guid":{"rendered":"https:\/\/www.maisondeluxeprague.com\/?post_type=product&#038;p=4849"},"modified":"2026-01-28T00:47:40","modified_gmt":"2026-01-27T23:47:40","slug":"chanel-mini-kelly","status":"publish","type":"product","link":"https:\/\/www.maisondeluxeprague.com\/ru\/produkt\/chanel-mini-kelly\/","title":{"rendered":"Chanel Mini Kelly"},"content":{"rendered":"<p>Chanel Mini \/ Nano Shopping Bag<\/p>\n<p>\u201eMini Kelly\u201c<\/p>\n<p>\u0421\u0443\u043c\u043a\u0430 \u0432 \u0438\u0434\u0435\u0430\u043b\u044c\u043d\u043e\u043c \u0441\u043e\u0441\u0442\u043e\u044f\u043d\u0438\u0438. \u0412 \u043a\u043e\u043c\u043f\u043b\u0435\u043a\u0442\u0435 \u043f\u043e\u043b\u043d\u044b\u0439 \u043d\u0430\u0431\u043e\u0440, \u0438\u043d\u0432\u043e\u0439\u0441 \u0438 \u0441\u0435\u0440\u0442\u0438\u0444\u0438\u043a\u0430\u0442 \u043f\u043e\u0434\u043b\u0438\u043d\u043d\u043e\u0441\u0442\u0438 Entrupy.<\/p>","protected":false},"excerpt":{"rendered":"<p>Chanel Mini \/ Nano Shopping Bag &#8222;Mini Kelly&#8220; Kabelka je neno\u0161en\u00e1, v kompletn\u00edm balen\u00ed v\u010detn\u011b kopie \u00fa\u010dtu a Entrupy certifik\u00e1tu pravosti.<\/p>","protected":false},"featured_media":4765,"template":"","meta":{"slim_seo":{"title":"Chanel Mini Kelly - Maison de Luxe Prague","description":"Chanel Mini \/ Nano Shopping Bag \"Mini Kelly\" Kabelka je neno\u0161en\u00e1, v kompletn\u00edm balen\u00ed v\u010detn\u011b kopie \u00fa\u010dtu a Entrupy certifik\u00e1tu pravosti."}},"product_brand":[94],"product_cat":[159,40,411,157],"product_tag":[],"class_list":{"0":"post-4849","1":"product","2":"type-product","3":"status-publish","4":"has-post-thumbnail","6":"product_brand-chanel","7":"product_cat-damske","8":"product_cat-kabelky","9":"product_cat-novinky","10":"product_cat-penezenky","12":"first","13":"instock","14":"taxable","15":"shipping-taxable","16":"purchasable","17":"product-type-simple"},"_links":{"self":[{"href":"https:\/\/www.maisondeluxeprague.com\/ru\/wp-json\/wp\/v2\/product\/4849","targetHints":{"allow":["GET"]}}],"collection":[{"href":"https:\/\/www.maisondeluxeprague.com\/ru\/wp-json\/wp\/v2\/product"}],"about":[{"href":"https:\/\/www.maisondeluxeprague.com\/ru\/wp-json\/wp\/v2\/types\/product"}],"wp:featuredmedia":[{"embeddable":true,"href":"https:\/\/www.maisondeluxeprague.com\/ru\/wp-json\/wp\/v2\/media\/4765"}],"wp:attachment":[{"href":"https:\/\/www.maisondeluxeprague.com\/ru\/wp-json\/wp\/v2\/media?parent=4849"}],"wp:term":[{"taxonomy":"product_brand","embeddable":true,"href":"https:\/\/www.maisondeluxeprague.com\/ru\/wp-json\/wp\/v2\/product_brand?post=4849"},{"taxonomy":"product_cat","embeddable":true,"href":"https:\/\/www.maisondeluxeprague.com\/ru\/wp-json\/wp\/v2\/product_cat?post=4849"},{"taxonomy":"product_tag","embeddable":true,"href":"https:\/\/www.maisondeluxeprague.com\/ru\/wp-json\/wp\/v2\/product_tag?post=4849"}],"curies":[{"name":"wp","href":"https:\/\/api.w.org\/{rel}","templated":true}]}}