{"id":4715,"date":"2026-01-28T00:27:26","date_gmt":"2026-01-27T23:27:26","guid":{"rendered":"https:\/\/www.maisondeluxeprague.com\/?post_type=product&#038;p=4715"},"modified":"2026-01-28T00:27:26","modified_gmt":"2026-01-27T23:27:26","slug":"louis-vuitton-capucines-bb-2","status":"publish","type":"product","link":"https:\/\/www.maisondeluxeprague.com\/ru\/produkt\/louis-vuitton-capucines-bb-2\/","title":{"rendered":"Louis Vuitton Capucines BB"},"content":{"rendered":"<p>Louis Vuitton Capucines BB Galet Taurillon Leather<\/p>\n<p>\u0421\u0443\u043c\u043a\u0430 \u043e\u0441\u043d\u0430\u0449\u0435\u043d\u0430 \u043c\u0438\u043a\u0440\u043e\u0447\u0438\u043f\u043e\u043c.<\/p>\n<p>\u0412 \u043a\u043e\u043c\u043f\u043b\u0435\u043a\u0442\u0435 \u0440\u0435\u043c\u0435\u043d\u044c \u0438 \u0441\u0435\u0440\u0442\u0438\u0444\u0438\u043a\u0430\u0442 Entrupy.<\/p>","protected":false},"excerpt":{"rendered":"<p>Louis Vuitton Capucines BB Galet Taurillon Leather Kabelka m\u00e1 microchip. Prod\u00e1v\u00e1me v\u010detn\u011b popruhu \u00a0a Entrupy certifik\u00e1tu pravosti.<\/p>","protected":false},"featured_media":4711,"template":"","meta":{"slim_seo":{"title":"Louis Vuitton Capucines BB - Maison de Luxe Prague","description":"Louis Vuitton Capucines BB Galet Taurillon Leather Kabelka m\u00e1 microchip. Prod\u00e1v\u00e1me v\u010detn\u011b popruhu \u00a0a Entrupy certifik\u00e1tu pravosti."}},"product_brand":[77],"product_cat":[159,40,411],"product_tag":[],"class_list":{"0":"post-4715","1":"product","2":"type-product","3":"status-publish","4":"has-post-thumbnail","6":"product_brand-louis-vuitton","7":"product_cat-damske","8":"product_cat-kabelky","9":"product_cat-novinky","11":"first","12":"instock","13":"taxable","14":"shipping-taxable","15":"purchasable","16":"product-type-simple"},"_links":{"self":[{"href":"https:\/\/www.maisondeluxeprague.com\/ru\/wp-json\/wp\/v2\/product\/4715","targetHints":{"allow":["GET"]}}],"collection":[{"href":"https:\/\/www.maisondeluxeprague.com\/ru\/wp-json\/wp\/v2\/product"}],"about":[{"href":"https:\/\/www.maisondeluxeprague.com\/ru\/wp-json\/wp\/v2\/types\/product"}],"wp:featuredmedia":[{"embeddable":true,"href":"https:\/\/www.maisondeluxeprague.com\/ru\/wp-json\/wp\/v2\/media\/4711"}],"wp:attachment":[{"href":"https:\/\/www.maisondeluxeprague.com\/ru\/wp-json\/wp\/v2\/media?parent=4715"}],"wp:term":[{"taxonomy":"product_brand","embeddable":true,"href":"https:\/\/www.maisondeluxeprague.com\/ru\/wp-json\/wp\/v2\/product_brand?post=4715"},{"taxonomy":"product_cat","embeddable":true,"href":"https:\/\/www.maisondeluxeprague.com\/ru\/wp-json\/wp\/v2\/product_cat?post=4715"},{"taxonomy":"product_tag","embeddable":true,"href":"https:\/\/www.maisondeluxeprague.com\/ru\/wp-json\/wp\/v2\/product_tag?post=4715"}],"curies":[{"name":"wp","href":"https:\/\/api.w.org\/{rel}","templated":true}]}}