{"id":4651,"date":"2025-12-26T21:02:57","date_gmt":"2025-12-26T20:02:57","guid":{"rendered":"https:\/\/www.maisondeluxeprague.com\/?post_type=product&#038;p=4651"},"modified":"2026-04-04T17:25:57","modified_gmt":"2026-04-04T15:25:57","slug":"salvatore-ferragamo-gancini","status":"publish","type":"product","link":"https:\/\/www.maisondeluxeprague.com\/ru\/produkt\/salvatore-ferragamo-gancini\/","title":{"rendered":"Salvatore Ferragamo Gancini"},"content":{"rendered":"<p>Salvatore Ferragamo Gancini Saffiano Black Bag<\/p>\n<p>\u0421\u0443\u043c\u043a\u0430 \u0438\u043c\u0435\u0435\u0442 \u0441\u043b\u0435\u0433\u043a\u0430 \u043f\u043e\u0446\u0430\u0440\u0430\u043f\u0430\u043d\u043d\u0443\u044e \u043f\u0440\u044f\u0436\u043a\u0443.<\/p>\n<p>\u041f\u0440\u043e\u0434\u0430\u0451\u0442\u0441\u044f \u0432\u043c\u0435\u0441\u0442\u0435 \u0441 \u0440\u0435\u043c\u0435\u0448\u043a\u043e\u043c \u0438 \u043f\u044b\u043b\u0435\u0437\u0430\u0449\u0438\u0442\u043d\u044b\u043c \u0447\u0435\u0445\u043b\u043e\u043c<\/p>","protected":false},"excerpt":{"rendered":"<p>Salvatore Ferragamo Gancini Saffiano Black Bag Kabelka m\u00e1 lehce od\u0159enou sponu Prod\u00e1v\u00e1me v\u010detn\u011b popruhu a dustbagu.<\/p>","protected":false},"featured_media":4550,"template":"","meta":{"slim_seo":{"title":"Salvatore Ferragamo Gancini - Maison de Luxe Prague","description":"Salvatore Ferragamo Gancini Saffiano Black Bag Kabelka m\u00e1 lehce od\u0159enou sponu Prod\u00e1v\u00e1me v\u010detn\u011b popruhu a dustbagu."}},"product_brand":[180],"product_cat":[159,40],"product_tag":[],"class_list":{"0":"post-4651","1":"product","2":"type-product","3":"status-publish","4":"has-post-thumbnail","6":"product_brand-salvatore-ferragamo","7":"product_cat-damske","8":"product_cat-kabelky","10":"first","11":"instock","12":"taxable","13":"shipping-taxable","14":"purchasable","15":"product-type-simple"},"_links":{"self":[{"href":"https:\/\/www.maisondeluxeprague.com\/ru\/wp-json\/wp\/v2\/product\/4651","targetHints":{"allow":["GET"]}}],"collection":[{"href":"https:\/\/www.maisondeluxeprague.com\/ru\/wp-json\/wp\/v2\/product"}],"about":[{"href":"https:\/\/www.maisondeluxeprague.com\/ru\/wp-json\/wp\/v2\/types\/product"}],"wp:featuredmedia":[{"embeddable":true,"href":"https:\/\/www.maisondeluxeprague.com\/ru\/wp-json\/wp\/v2\/media\/4550"}],"wp:attachment":[{"href":"https:\/\/www.maisondeluxeprague.com\/ru\/wp-json\/wp\/v2\/media?parent=4651"}],"wp:term":[{"taxonomy":"product_brand","embeddable":true,"href":"https:\/\/www.maisondeluxeprague.com\/ru\/wp-json\/wp\/v2\/product_brand?post=4651"},{"taxonomy":"product_cat","embeddable":true,"href":"https:\/\/www.maisondeluxeprague.com\/ru\/wp-json\/wp\/v2\/product_cat?post=4651"},{"taxonomy":"product_tag","embeddable":true,"href":"https:\/\/www.maisondeluxeprague.com\/ru\/wp-json\/wp\/v2\/product_tag?post=4651"}],"curies":[{"name":"wp","href":"https:\/\/api.w.org\/{rel}","templated":true}]}}