{"id":4649,"date":"2025-12-26T19:58:13","date_gmt":"2025-12-26T18:58:13","guid":{"rendered":"https:\/\/www.maisondeluxeprague.com\/?post_type=product&#038;p=4649"},"modified":"2026-04-04T17:25:41","modified_gmt":"2026-04-04T15:25:41","slug":"chanel-boy-brown","status":"publish","type":"product","link":"https:\/\/www.maisondeluxeprague.com\/ru\/produkt\/chanel-boy-brown\/","title":{"rendered":"Chanel Boy Brown"},"content":{"rendered":"<p>Chanel Boy Chevron Old Medium Chocolate Brown Leather Bag<\/p>\n<p>\u0421\u0443\u043c\u043a\u0430 \u0432 \u0438\u0434\u0435\u0430\u043b\u044c\u043d\u043e\u043c \u0441\u043e\u0441\u0442\u043e\u044f\u043d\u0438\u0438, \u043a\u0430\u043a \u043d\u043e\u0432\u0430\u044f.<\/p>\n<p>\u041f\u0440\u043e\u0438\u0437\u0432\u0435\u0434\u0435\u043d\u0430 \u0432 2018\u20132019 \u0433\u043e\u0434\u0430\u0445.<\/p>","protected":false},"excerpt":{"rendered":"<p>Chanel Boy Chevron Old Medium Chocolate Brown Leather Bag Kabelka je lehce no\u0161en\u00e1, sp\u00ed\u0161e skladovan\u00e1. Vyrobena v roce 2018 &#8211; 2019.<\/p>","protected":false},"featured_media":4608,"template":"","meta":{"slim_seo":{"title":"Chanel Boy Brown - Maison de Luxe Prague","description":"Chanel Boy Chevron Old Medium Chocolate Brown Leather Bag Kabelka je lehce no\u0161en\u00e1, sp\u00ed\u0161e skladovan\u00e1. Vyrobena v roce 2018 - 2019."}},"product_brand":[94],"product_cat":[159,40],"product_tag":[],"class_list":{"0":"post-4649","1":"product","2":"type-product","3":"status-publish","4":"has-post-thumbnail","6":"product_brand-chanel","7":"product_cat-damske","8":"product_cat-kabelky","10":"first","11":"instock","12":"taxable","13":"shipping-taxable","14":"purchasable","15":"product-type-simple"},"_links":{"self":[{"href":"https:\/\/www.maisondeluxeprague.com\/ru\/wp-json\/wp\/v2\/product\/4649","targetHints":{"allow":["GET"]}}],"collection":[{"href":"https:\/\/www.maisondeluxeprague.com\/ru\/wp-json\/wp\/v2\/product"}],"about":[{"href":"https:\/\/www.maisondeluxeprague.com\/ru\/wp-json\/wp\/v2\/types\/product"}],"wp:featuredmedia":[{"embeddable":true,"href":"https:\/\/www.maisondeluxeprague.com\/ru\/wp-json\/wp\/v2\/media\/4608"}],"wp:attachment":[{"href":"https:\/\/www.maisondeluxeprague.com\/ru\/wp-json\/wp\/v2\/media?parent=4649"}],"wp:term":[{"taxonomy":"product_brand","embeddable":true,"href":"https:\/\/www.maisondeluxeprague.com\/ru\/wp-json\/wp\/v2\/product_brand?post=4649"},{"taxonomy":"product_cat","embeddable":true,"href":"https:\/\/www.maisondeluxeprague.com\/ru\/wp-json\/wp\/v2\/product_cat?post=4649"},{"taxonomy":"product_tag","embeddable":true,"href":"https:\/\/www.maisondeluxeprague.com\/ru\/wp-json\/wp\/v2\/product_tag?post=4649"}],"curies":[{"name":"wp","href":"https:\/\/api.w.org\/{rel}","templated":true}]}}