{"id":4648,"date":"2025-12-26T19:24:11","date_gmt":"2025-12-26T18:24:11","guid":{"rendered":"https:\/\/www.maisondeluxeprague.com\/?post_type=product&#038;p=4648"},"modified":"2026-04-04T17:25:35","modified_gmt":"2026-04-04T15:25:35","slug":"louis-vuitton-petit-noe","status":"publish","type":"product","link":"https:\/\/www.maisondeluxeprague.com\/ru\/produkt\/louis-vuitton-petit-noe\/","title":{"rendered":"Louis Vuitton Petit No\u00e9"},"content":{"rendered":"<p>Louis Vuitton Petit No\u00e9 Jacquard Bordeaux Since 1854 Bag<\/p>\n<p>\u041b\u0438\u043c\u0438\u0442\u0438\u0440\u043e\u0432\u0430\u043d\u043d\u0430\u044f \u0441\u0435\u0440\u0438\u044f<\/p>","protected":false},"excerpt":{"rendered":"<p>Louis Vuitton Petit No\u00e9 Jacquard Bordeaux Since 1854 Bag Limitovan\u00e1 edice<\/p>","protected":false},"featured_media":4642,"template":"","meta":{"slim_seo":{"title":"Louis Vuitton Petit No\u00e9 - Maison de Luxe Prague","description":"Louis Vuitton Petit No\u00e9 Jacquard Bordeaux Since 1854 Bag Limitovan\u00e1 edice"}},"product_brand":[77],"product_cat":[159,40],"product_tag":[],"class_list":{"0":"post-4648","1":"product","2":"type-product","3":"status-publish","4":"has-post-thumbnail","6":"product_brand-louis-vuitton","7":"product_cat-damske","8":"product_cat-kabelky","10":"first","11":"instock","12":"taxable","13":"shipping-taxable","14":"purchasable","15":"product-type-simple"},"_links":{"self":[{"href":"https:\/\/www.maisondeluxeprague.com\/ru\/wp-json\/wp\/v2\/product\/4648","targetHints":{"allow":["GET"]}}],"collection":[{"href":"https:\/\/www.maisondeluxeprague.com\/ru\/wp-json\/wp\/v2\/product"}],"about":[{"href":"https:\/\/www.maisondeluxeprague.com\/ru\/wp-json\/wp\/v2\/types\/product"}],"wp:featuredmedia":[{"embeddable":true,"href":"https:\/\/www.maisondeluxeprague.com\/ru\/wp-json\/wp\/v2\/media\/4642"}],"wp:attachment":[{"href":"https:\/\/www.maisondeluxeprague.com\/ru\/wp-json\/wp\/v2\/media?parent=4648"}],"wp:term":[{"taxonomy":"product_brand","embeddable":true,"href":"https:\/\/www.maisondeluxeprague.com\/ru\/wp-json\/wp\/v2\/product_brand?post=4648"},{"taxonomy":"product_cat","embeddable":true,"href":"https:\/\/www.maisondeluxeprague.com\/ru\/wp-json\/wp\/v2\/product_cat?post=4648"},{"taxonomy":"product_tag","embeddable":true,"href":"https:\/\/www.maisondeluxeprague.com\/ru\/wp-json\/wp\/v2\/product_tag?post=4648"}],"curies":[{"name":"wp","href":"https:\/\/api.w.org\/{rel}","templated":true}]}}