{"id":4646,"date":"2025-12-26T19:04:40","date_gmt":"2025-12-26T18:04:40","guid":{"rendered":"https:\/\/www.maisondeluxeprague.com\/?post_type=product&#038;p=4646"},"modified":"2026-04-04T17:25:19","modified_gmt":"2026-04-04T15:25:19","slug":"louis-vuitton-neverfull-2","status":"publish","type":"product","link":"https:\/\/www.maisondeluxeprague.com\/ru\/produkt\/louis-vuitton-neverfull-2\/","title":{"rendered":"Louis Vuitton Neverfull"},"content":{"rendered":"<p>Louis Vuitton Neverfull MM Empriente Monogram Noir<\/p>\n<p>\u0421\u0443\u043c\u043a\u0430 \u0432 \u043e\u0447\u0435\u043d\u044c \u0445\u043e\u0440\u043e\u0448\u0435\u043c \u0441\u043e\u0441\u0442\u043e\u044f\u043d\u0438\u0438. \u041a\u043e\u0436\u0430 \u043d\u0430 \u043d\u0435\u043a\u043e\u0442\u043e\u0440\u044b\u0445 \u0443\u0447\u0430\u0441\u0442\u043a\u0430\u0445 \u043c\u044f\u0433\u043a\u0430\u044f.<\/p>","protected":false},"excerpt":{"rendered":"<p>Louis Vuitton Neverfull MM Empriente Monogram Noir Kabelka je lehce no\u0161en\u00e1, k\u016f\u017ee je m\u00edsty zm\u011bkl\u00e1<\/p>","protected":false},"featured_media":4510,"template":"","meta":{"slim_seo":{"title":"Louis Vuitton Neverfull - Maison de Luxe Prague","description":"Louis Vuitton Neverfull MM Empriente Monogram Noir Kabelka je lehce no\u0161en\u00e1, k\u016f\u017ee je m\u00edsty zm\u011bkl\u00e1"}},"product_brand":[77],"product_cat":[159,40],"product_tag":[],"class_list":{"0":"post-4646","1":"product","2":"type-product","3":"status-publish","4":"has-post-thumbnail","6":"product_brand-louis-vuitton","7":"product_cat-damske","8":"product_cat-kabelky","10":"first","11":"instock","12":"taxable","13":"shipping-taxable","14":"purchasable","15":"product-type-simple"},"_links":{"self":[{"href":"https:\/\/www.maisondeluxeprague.com\/ru\/wp-json\/wp\/v2\/product\/4646","targetHints":{"allow":["GET"]}}],"collection":[{"href":"https:\/\/www.maisondeluxeprague.com\/ru\/wp-json\/wp\/v2\/product"}],"about":[{"href":"https:\/\/www.maisondeluxeprague.com\/ru\/wp-json\/wp\/v2\/types\/product"}],"wp:featuredmedia":[{"embeddable":true,"href":"https:\/\/www.maisondeluxeprague.com\/ru\/wp-json\/wp\/v2\/media\/4510"}],"wp:attachment":[{"href":"https:\/\/www.maisondeluxeprague.com\/ru\/wp-json\/wp\/v2\/media?parent=4646"}],"wp:term":[{"taxonomy":"product_brand","embeddable":true,"href":"https:\/\/www.maisondeluxeprague.com\/ru\/wp-json\/wp\/v2\/product_brand?post=4646"},{"taxonomy":"product_cat","embeddable":true,"href":"https:\/\/www.maisondeluxeprague.com\/ru\/wp-json\/wp\/v2\/product_cat?post=4646"},{"taxonomy":"product_tag","embeddable":true,"href":"https:\/\/www.maisondeluxeprague.com\/ru\/wp-json\/wp\/v2\/product_tag?post=4646"}],"curies":[{"name":"wp","href":"https:\/\/api.w.org\/{rel}","templated":true}]}}