{"id":4645,"date":"2025-12-26T18:51:14","date_gmt":"2025-12-26T17:51:14","guid":{"rendered":"https:\/\/www.maisondeluxeprague.com\/?post_type=product&#038;p=4645"},"modified":"2026-04-04T17:25:12","modified_gmt":"2026-04-04T15:25:12","slug":"goyard-saint-louis-pm-2","status":"publish","type":"product","link":"https:\/\/www.maisondeluxeprague.com\/ru\/produkt\/goyard-saint-louis-pm-2\/","title":{"rendered":"Goyard Saint Louis PM"},"content":{"rendered":"<p>Goyard Saint Louis PM Blue<\/p>\n<p>\u0421\u0443\u043c\u043a\u0430 \u043f\u043e\u0447\u0442\u0438 \u043a\u0430\u043a \u043d\u043e\u0432\u0430\u044f - \u0432\u043d\u0443\u0442\u0440\u0438 \u0435\u0441\u0442\u044c \u043b\u0438\u0448\u044c \u043e\u0434\u043d\u043e \u043d\u0435\u0431\u043e\u043b\u044c\u0448\u043e\u0435 \u043f\u044f\u0442\u043d\u044b\u0448\u043a\u043e.<\/p>","protected":false},"excerpt":{"rendered":"<p>Goyard Saint Louis PM Blue Kabelka je lehce no\u0161en\u00e1, m\u00e1 skvrnu v interi\u00e9ru<\/p>","protected":false},"featured_media":4531,"template":"","meta":{"slim_seo":{"title":"Goyard Saint Louis PM - Maison de Luxe Prague","description":"Goyard Saint Louis PM Blue Kabelka je lehce no\u0161en\u00e1, m\u00e1 skvrnu v interi\u00e9ru"}},"product_brand":[524],"product_cat":[159,40],"product_tag":[],"class_list":{"0":"post-4645","1":"product","2":"type-product","3":"status-publish","4":"has-post-thumbnail","6":"product_brand-goyard","7":"product_cat-damske","8":"product_cat-kabelky","10":"first","11":"instock","12":"taxable","13":"shipping-taxable","14":"purchasable","15":"product-type-simple"},"_links":{"self":[{"href":"https:\/\/www.maisondeluxeprague.com\/ru\/wp-json\/wp\/v2\/product\/4645","targetHints":{"allow":["GET"]}}],"collection":[{"href":"https:\/\/www.maisondeluxeprague.com\/ru\/wp-json\/wp\/v2\/product"}],"about":[{"href":"https:\/\/www.maisondeluxeprague.com\/ru\/wp-json\/wp\/v2\/types\/product"}],"wp:featuredmedia":[{"embeddable":true,"href":"https:\/\/www.maisondeluxeprague.com\/ru\/wp-json\/wp\/v2\/media\/4531"}],"wp:attachment":[{"href":"https:\/\/www.maisondeluxeprague.com\/ru\/wp-json\/wp\/v2\/media?parent=4645"}],"wp:term":[{"taxonomy":"product_brand","embeddable":true,"href":"https:\/\/www.maisondeluxeprague.com\/ru\/wp-json\/wp\/v2\/product_brand?post=4645"},{"taxonomy":"product_cat","embeddable":true,"href":"https:\/\/www.maisondeluxeprague.com\/ru\/wp-json\/wp\/v2\/product_cat?post=4645"},{"taxonomy":"product_tag","embeddable":true,"href":"https:\/\/www.maisondeluxeprague.com\/ru\/wp-json\/wp\/v2\/product_tag?post=4645"}],"curies":[{"name":"wp","href":"https:\/\/api.w.org\/{rel}","templated":true}]}}