{"id":4644,"date":"2025-12-26T18:44:39","date_gmt":"2025-12-26T17:44:39","guid":{"rendered":"https:\/\/www.maisondeluxeprague.com\/?post_type=product&#038;p=4644"},"modified":"2026-04-04T17:25:04","modified_gmt":"2026-04-04T15:25:04","slug":"goyard-saint-louis-pm","status":"publish","type":"product","link":"https:\/\/www.maisondeluxeprague.com\/ru\/produkt\/goyard-saint-louis-pm\/","title":{"rendered":"Goyard Saint Louis PM"},"content":{"rendered":"<p>Goyard Saint Louis PM White<br \/>\n\u0421\u0443\u043c\u043a\u0430 \u0432 \u0438\u0434\u0435\u0430\u043b\u044c\u043d\u043e\u043c \u0441\u043e\u0441\u0442\u043e\u044f\u043d\u0438\u0438, \u043a\u0430\u043a \u043d\u043e\u0432\u0430\u044f.<\/p>\n<p>&nbsp;<\/p>","protected":false},"excerpt":{"rendered":"<p>Goyard Saint Louis PM White Kabelka je neno\u0161en\u00e1, jako nov\u00e1 &nbsp;<\/p>","protected":false},"featured_media":4481,"template":"","meta":{"slim_seo":{"title":"Goyard Saint Louis PM - Maison de Luxe Prague","description":"Goyard Saint Louis PM White Kabelka je neno\u0161en\u00e1, jako nov\u00e1 &nbsp;"}},"product_brand":[],"product_cat":[159,40],"product_tag":[],"class_list":{"0":"post-4644","1":"product","2":"type-product","3":"status-publish","4":"has-post-thumbnail","6":"product_cat-damske","7":"product_cat-kabelky","9":"first","10":"outofstock","11":"taxable","12":"shipping-taxable","13":"purchasable","14":"product-type-simple"},"_links":{"self":[{"href":"https:\/\/www.maisondeluxeprague.com\/ru\/wp-json\/wp\/v2\/product\/4644","targetHints":{"allow":["GET"]}}],"collection":[{"href":"https:\/\/www.maisondeluxeprague.com\/ru\/wp-json\/wp\/v2\/product"}],"about":[{"href":"https:\/\/www.maisondeluxeprague.com\/ru\/wp-json\/wp\/v2\/types\/product"}],"wp:featuredmedia":[{"embeddable":true,"href":"https:\/\/www.maisondeluxeprague.com\/ru\/wp-json\/wp\/v2\/media\/4481"}],"wp:attachment":[{"href":"https:\/\/www.maisondeluxeprague.com\/ru\/wp-json\/wp\/v2\/media?parent=4644"}],"wp:term":[{"taxonomy":"product_brand","embeddable":true,"href":"https:\/\/www.maisondeluxeprague.com\/ru\/wp-json\/wp\/v2\/product_brand?post=4644"},{"taxonomy":"product_cat","embeddable":true,"href":"https:\/\/www.maisondeluxeprague.com\/ru\/wp-json\/wp\/v2\/product_cat?post=4644"},{"taxonomy":"product_tag","embeddable":true,"href":"https:\/\/www.maisondeluxeprague.com\/ru\/wp-json\/wp\/v2\/product_tag?post=4644"}],"curies":[{"name":"wp","href":"https:\/\/api.w.org\/{rel}","templated":true}]}}