{"id":4457,"date":"2025-12-21T21:41:50","date_gmt":"2025-12-21T20:41:50","guid":{"rendered":"https:\/\/www.maisondeluxeprague.com\/?post_type=product&#038;p=4457"},"modified":"2026-03-23T20:15:47","modified_gmt":"2026-03-23T19:15:47","slug":"chanel-winter-shearling-boots","status":"publish","type":"product","link":"https:\/\/www.maisondeluxeprague.com\/ru\/produkt\/chanel-winter-shearling-boots\/","title":{"rendered":"Chanel Winter Shearling Boots"},"content":{"rendered":"<p>\u0417\u0438\u043c\u043d\u0438\u0435 \u0431\u043e\u0442\u0438\u043d\u043a\u0438 Chanel<\/p>\n<p>\u0420\u0430\u0437\u043c\u0435\u0440 37<\/p>\n<p>\u0418\u043c\u0435\u0435\u0442\u0441\u044f \u043a\u043b\u044e\u0447 \u0434\u043b\u044f \u0437\u0430\u043c\u0435\u043d\u044b \u0448\u0438\u043f\u043e\u0432 \u043d\u0430 \u043f\u043e\u0434\u043e\u0448\u0432\u0435 \u0434\u043b\u044f \u0437\u0438\u043c\u043d\u0435\u0433\u043e \u0438\u0441\u043f\u043e\u043b\u044c\u0437\u043e\u0432\u0430\u043d\u0438\u044f.<\/p>","protected":false},"excerpt":{"rendered":"<p>Sn\u011bhule Chanel Velikost 37 Maj\u00ed kl\u00ed\u010dek na vynd\u00e1n\u00ed bod\u00e1k\u016f na podr\u00e1\u017ece pro nesmek\u00e1n\u00ed na ledu.<\/p>","protected":false},"featured_media":4460,"template":"","meta":{"slim_seo":{"title":"Chanel Winter Shearling Boots - Maison de Luxe Prague","description":"Sn\u011bhule Chanel Velikost 37 Maj\u00ed kl\u00ed\u010dek na vynd\u00e1n\u00ed bod\u00e1k\u016f na podr\u00e1\u017ece pro nesmek\u00e1n\u00ed na ledu."}},"product_brand":[94],"product_cat":[159,41,499],"product_tag":[],"class_list":{"0":"post-4457","1":"product","2":"type-product","3":"status-publish","4":"has-post-thumbnail","6":"product_brand-chanel","7":"product_cat-damske","8":"product_cat-obuv","9":"product_cat-slevy","11":"first","12":"instock","13":"sale","14":"taxable","15":"shipping-taxable","16":"purchasable","17":"product-type-simple"},"_links":{"self":[{"href":"https:\/\/www.maisondeluxeprague.com\/ru\/wp-json\/wp\/v2\/product\/4457","targetHints":{"allow":["GET"]}}],"collection":[{"href":"https:\/\/www.maisondeluxeprague.com\/ru\/wp-json\/wp\/v2\/product"}],"about":[{"href":"https:\/\/www.maisondeluxeprague.com\/ru\/wp-json\/wp\/v2\/types\/product"}],"wp:featuredmedia":[{"embeddable":true,"href":"https:\/\/www.maisondeluxeprague.com\/ru\/wp-json\/wp\/v2\/media\/4460"}],"wp:attachment":[{"href":"https:\/\/www.maisondeluxeprague.com\/ru\/wp-json\/wp\/v2\/media?parent=4457"}],"wp:term":[{"taxonomy":"product_brand","embeddable":true,"href":"https:\/\/www.maisondeluxeprague.com\/ru\/wp-json\/wp\/v2\/product_brand?post=4457"},{"taxonomy":"product_cat","embeddable":true,"href":"https:\/\/www.maisondeluxeprague.com\/ru\/wp-json\/wp\/v2\/product_cat?post=4457"},{"taxonomy":"product_tag","embeddable":true,"href":"https:\/\/www.maisondeluxeprague.com\/ru\/wp-json\/wp\/v2\/product_tag?post=4457"}],"curies":[{"name":"wp","href":"https:\/\/api.w.org\/{rel}","templated":true}]}}