{"id":4455,"date":"2025-12-21T21:21:34","date_gmt":"2025-12-21T20:21:34","guid":{"rendered":"https:\/\/www.maisondeluxeprague.com\/?post_type=product&#038;p=4455"},"modified":"2026-04-04T17:24:56","modified_gmt":"2026-04-04T15:24:56","slug":"4455","status":"publish","type":"product","link":"https:\/\/www.maisondeluxeprague.com\/ru\/produkt\/4455\/","title":{"rendered":"Chanel Classic Caviar"},"content":{"rendered":"<p>Chanel Classic Medium Double Flap Caviar Noir Bag Gold HW<\/p>\n<p>\u0421\u0443\u043c\u043a\u0430 \u0432 \u0441\u043e\u0441\u0442\u043e\u044f\u043d\u0438\u0438 \u043d\u043e\u0432\u043e\u0439, \u0441\u043b\u0435\u0434\u044b \u0438\u0441\u043f\u043e\u043b\u044c\u0437\u043e\u0432\u0430\u043d\u0438\u044f \u0437\u0430\u043c\u0435\u0442\u043d\u044b \u0442\u043e\u043b\u044c\u043a\u043e \u043d\u0430 \u043c\u0435\u0442\u0430\u043b\u043b\u0438\u0447\u0435\u0441\u043a\u0438\u0445 \u044d\u043b\u0435\u043c\u0435\u043d\u0442\u0430\u0445.<\/p>","protected":false},"excerpt":{"rendered":"<p>Chanel Classic Medium Double Flap Caviar Noir Bag Gold HW Kabelka je ve stavu nov\u00e9, no\u0161en\u00ed je vid\u011bt pouze na kovov\u00fdch \u010d\u00e1stech.<\/p>","protected":false},"featured_media":4365,"template":"","meta":{"slim_seo":{"title":"Chanel Classic Caviar - Maison de Luxe Prague","description":"Chanel Classic Medium Double Flap Caviar Noir Bag Gold HW Kabelka je ve stavu nov\u00e9, no\u0161en\u00ed je vid\u011bt pouze na kovov\u00fdch \u010d\u00e1stech."}},"product_brand":[94],"product_cat":[159,40],"product_tag":[],"class_list":{"0":"post-4455","1":"product","2":"type-product","3":"status-publish","4":"has-post-thumbnail","6":"product_brand-chanel","7":"product_cat-damske","8":"product_cat-kabelky","10":"first","11":"outofstock","12":"taxable","13":"shipping-taxable","14":"purchasable","15":"product-type-simple"},"_links":{"self":[{"href":"https:\/\/www.maisondeluxeprague.com\/ru\/wp-json\/wp\/v2\/product\/4455","targetHints":{"allow":["GET"]}}],"collection":[{"href":"https:\/\/www.maisondeluxeprague.com\/ru\/wp-json\/wp\/v2\/product"}],"about":[{"href":"https:\/\/www.maisondeluxeprague.com\/ru\/wp-json\/wp\/v2\/types\/product"}],"wp:featuredmedia":[{"embeddable":true,"href":"https:\/\/www.maisondeluxeprague.com\/ru\/wp-json\/wp\/v2\/media\/4365"}],"wp:attachment":[{"href":"https:\/\/www.maisondeluxeprague.com\/ru\/wp-json\/wp\/v2\/media?parent=4455"}],"wp:term":[{"taxonomy":"product_brand","embeddable":true,"href":"https:\/\/www.maisondeluxeprague.com\/ru\/wp-json\/wp\/v2\/product_brand?post=4455"},{"taxonomy":"product_cat","embeddable":true,"href":"https:\/\/www.maisondeluxeprague.com\/ru\/wp-json\/wp\/v2\/product_cat?post=4455"},{"taxonomy":"product_tag","embeddable":true,"href":"https:\/\/www.maisondeluxeprague.com\/ru\/wp-json\/wp\/v2\/product_tag?post=4455"}],"curies":[{"name":"wp","href":"https:\/\/api.w.org\/{rel}","templated":true}]}}