{"id":4454,"date":"2025-12-21T21:07:25","date_gmt":"2025-12-21T20:07:25","guid":{"rendered":"https:\/\/www.maisondeluxeprague.com\/?post_type=product&#038;p=4454"},"modified":"2026-04-04T17:24:49","modified_gmt":"2026-04-04T15:24:49","slug":"bottega-veneta-hobo-3","status":"publish","type":"product","link":"https:\/\/www.maisondeluxeprague.com\/ru\/produkt\/bottega-veneta-hobo-3\/","title":{"rendered":"Bottega Veneta Hobo"},"content":{"rendered":"<p>Bottega Veneta Hobo Intrecciato Medium Brown Leather Bag<\/p>\n<p>\u0421\u0443\u043c\u043a\u0430 \u043f\u0440\u043e\u0448\u043b\u0430 \u0440\u0435\u0441\u0442\u0430\u0432\u0440\u0430\u0446\u0438\u044e \u0441\u0442\u043e\u0440\u043e\u043d\u043d\u0435\u0439 \u043a\u043e\u043c\u043f\u0430\u043d\u0438\u0435\u0439.<\/p>","protected":false},"excerpt":{"rendered":"<p>Bottega Veneta Hobo Intrecciato Medium Brown Leather Bag Kabelka je po lehk\u00e9 renovaci barvy t\u0159et\u00ed stranou.<\/p>","protected":false},"featured_media":4358,"template":"","meta":{"slim_seo":{"title":"Bottega Veneta Hobo - Maison de Luxe Prague","description":"Bottega Veneta Hobo Intrecciato Medium Brown Leather Bag Kabelka je po lehk\u00e9 renovaci barvy t\u0159et\u00ed stranou."}},"product_brand":[155],"product_cat":[159,40],"product_tag":[],"class_list":{"0":"post-4454","1":"product","2":"type-product","3":"status-publish","4":"has-post-thumbnail","6":"product_brand-bottega-veneta","7":"product_cat-damske","8":"product_cat-kabelky","10":"first","11":"outofstock","12":"taxable","13":"shipping-taxable","14":"purchasable","15":"product-type-simple"},"_links":{"self":[{"href":"https:\/\/www.maisondeluxeprague.com\/ru\/wp-json\/wp\/v2\/product\/4454","targetHints":{"allow":["GET"]}}],"collection":[{"href":"https:\/\/www.maisondeluxeprague.com\/ru\/wp-json\/wp\/v2\/product"}],"about":[{"href":"https:\/\/www.maisondeluxeprague.com\/ru\/wp-json\/wp\/v2\/types\/product"}],"wp:featuredmedia":[{"embeddable":true,"href":"https:\/\/www.maisondeluxeprague.com\/ru\/wp-json\/wp\/v2\/media\/4358"}],"wp:attachment":[{"href":"https:\/\/www.maisondeluxeprague.com\/ru\/wp-json\/wp\/v2\/media?parent=4454"}],"wp:term":[{"taxonomy":"product_brand","embeddable":true,"href":"https:\/\/www.maisondeluxeprague.com\/ru\/wp-json\/wp\/v2\/product_brand?post=4454"},{"taxonomy":"product_cat","embeddable":true,"href":"https:\/\/www.maisondeluxeprague.com\/ru\/wp-json\/wp\/v2\/product_cat?post=4454"},{"taxonomy":"product_tag","embeddable":true,"href":"https:\/\/www.maisondeluxeprague.com\/ru\/wp-json\/wp\/v2\/product_tag?post=4454"}],"curies":[{"name":"wp","href":"https:\/\/api.w.org\/{rel}","templated":true}]}}