{"id":4452,"date":"2025-12-21T20:53:07","date_gmt":"2025-12-21T19:53:07","guid":{"rendered":"https:\/\/www.maisondeluxeprague.com\/?post_type=product&#038;p=4452"},"modified":"2026-04-11T07:04:59","modified_gmt":"2026-04-11T05:04:59","slug":"christian-dior-phone-case","status":"publish","type":"product","link":"https:\/\/www.maisondeluxeprague.com\/ru\/produkt\/christian-dior-phone-case\/","title":{"rendered":"Christian Dior Phone Case"},"content":{"rendered":"<p>Christian Dior Phone Case<\/p>\n<p>\u041b\u0438\u043c\u0438\u0442\u0438\u0440\u043e\u0432\u0430\u043d\u043d\u0430\u044f \u0441\u0435\u0440\u0438\u044f 2021 \u0433\u043e\u0434\u0430 I Love Paris.<\/p>\n<p>\u0427\u0435\u0445\u043e\u043b \u0432 \u0438\u0434\u0435\u0430\u043b\u044c\u043d\u043e\u043c \u0441\u043e\u0441\u0442\u043e\u044f\u043d\u0438\u0438, \u043a\u0430\u043a \u043d\u043e\u0432\u044b\u0439.<\/p>\n<p>\u041c\u043e\u0436\u043d\u043e \u043d\u043e\u0441\u0438\u0442\u044c \u0432 \u0440\u0443\u043a\u0435 \u0438\u043b\u0438 \u0447\u0435\u0440\u0435\u0437 \u043f\u043b\u0435\u0447\u043e \u0431\u043b\u0430\u0433\u043e\u0434\u0430\u0440\u044f \u0441\u044a\u0435\u043c\u043d\u043e\u0439 \u0446\u0435\u043f\u043e\u0447\u043a\u0435.<\/p>","protected":false},"excerpt":{"rendered":"<p>Christian Dior Phone Case Limitovan\u00e1 edice I love Paris Pouzdro je neno\u0161en\u00e9, pouze skladovan\u00e9 Mo\u017enost nosit v ruce nebo crossbody d\u00edky odep\u00ednateln\u00e9mu \u0159et\u00edzku<\/p>","protected":false},"featured_media":4298,"template":"","meta":{"slim_seo":{"title":"Christian Dior Phone Case - Maison de Luxe Prague","description":"Christian Dior Phone Case Limitovan\u00e1 edice I love Paris Pouzdro je neno\u0161en\u00e9, pouze skladovan\u00e9 Mo\u017enost nosit v ruce nebo crossbody d\u00edky odep\u00ednateln\u00e9mu \u0159et\u00edzku"}},"product_brand":[125],"product_cat":[159,40,157],"product_tag":[],"class_list":{"0":"post-4452","1":"product","2":"type-product","3":"status-publish","4":"has-post-thumbnail","6":"product_brand-christian-dior","7":"product_cat-damske","8":"product_cat-kabelky","9":"product_cat-penezenky","11":"first","12":"outofstock","13":"taxable","14":"shipping-taxable","15":"purchasable","16":"product-type-simple"},"_links":{"self":[{"href":"https:\/\/www.maisondeluxeprague.com\/ru\/wp-json\/wp\/v2\/product\/4452","targetHints":{"allow":["GET"]}}],"collection":[{"href":"https:\/\/www.maisondeluxeprague.com\/ru\/wp-json\/wp\/v2\/product"}],"about":[{"href":"https:\/\/www.maisondeluxeprague.com\/ru\/wp-json\/wp\/v2\/types\/product"}],"wp:featuredmedia":[{"embeddable":true,"href":"https:\/\/www.maisondeluxeprague.com\/ru\/wp-json\/wp\/v2\/media\/4298"}],"wp:attachment":[{"href":"https:\/\/www.maisondeluxeprague.com\/ru\/wp-json\/wp\/v2\/media?parent=4452"}],"wp:term":[{"taxonomy":"product_brand","embeddable":true,"href":"https:\/\/www.maisondeluxeprague.com\/ru\/wp-json\/wp\/v2\/product_brand?post=4452"},{"taxonomy":"product_cat","embeddable":true,"href":"https:\/\/www.maisondeluxeprague.com\/ru\/wp-json\/wp\/v2\/product_cat?post=4452"},{"taxonomy":"product_tag","embeddable":true,"href":"https:\/\/www.maisondeluxeprague.com\/ru\/wp-json\/wp\/v2\/product_tag?post=4452"}],"curies":[{"name":"wp","href":"https:\/\/api.w.org\/{rel}","templated":true}]}}