{"id":4449,"date":"2025-12-21T20:22:50","date_gmt":"2025-12-21T19:22:50","guid":{"rendered":"https:\/\/www.maisondeluxeprague.com\/?post_type=product&#038;p=4449"},"modified":"2026-04-04T17:24:18","modified_gmt":"2026-04-04T15:24:18","slug":"fendi-peekaboo-2","status":"publish","type":"product","link":"https:\/\/www.maisondeluxeprague.com\/ru\/produkt\/fendi-peekaboo-2\/","title":{"rendered":"Fendi Peekaboo"},"content":{"rendered":"<p>Fendi Peekaboo Medium Limited Edition Vitello Seta Patchwork<\/p>\n<p>\u0421\u0443\u043c\u043a\u0430 \u0432 \u0438\u0434\u0435\u0430\u043b\u044c\u043d\u043e\u043c \u0441\u043e\u0441\u0442\u043e\u044f\u043d\u0438\u0438, \u043a\u0430\u043a \u043d\u043e\u0432\u0430\u044f.<\/p>\n<p>\u041f\u0440\u043e\u0434\u0430\u0451\u0442\u0441\u044f \u0441 \u0440\u0435\u043c\u0435\u0448\u043a\u043e\u043c.<\/p>","protected":false},"excerpt":{"rendered":"<p>Fendi Peekaboo Medium Limited Edition Vitello Seta Patchwork Kabelka je skladovan\u00e1, neno\u0161en\u00e1. Kabelku prod\u00e1v\u00e1me v\u010detn\u011b popruhu.<\/p>","protected":false},"featured_media":4399,"template":"","meta":{"slim_seo":{"title":"Fendi Peekaboo - Maison de Luxe Prague","description":"Fendi Peekaboo Medium Limited Edition Vitello Seta Patchwork Kabelka je skladovan\u00e1, neno\u0161en\u00e1. Kabelku prod\u00e1v\u00e1me v\u010detn\u011b popruhu."}},"product_brand":[229],"product_cat":[159,40],"product_tag":[],"class_list":{"0":"post-4449","1":"product","2":"type-product","3":"status-publish","4":"has-post-thumbnail","6":"product_brand-fendi","7":"product_cat-damske","8":"product_cat-kabelky","10":"first","11":"instock","12":"taxable","13":"shipping-taxable","14":"purchasable","15":"product-type-simple"},"_links":{"self":[{"href":"https:\/\/www.maisondeluxeprague.com\/ru\/wp-json\/wp\/v2\/product\/4449","targetHints":{"allow":["GET"]}}],"collection":[{"href":"https:\/\/www.maisondeluxeprague.com\/ru\/wp-json\/wp\/v2\/product"}],"about":[{"href":"https:\/\/www.maisondeluxeprague.com\/ru\/wp-json\/wp\/v2\/types\/product"}],"wp:featuredmedia":[{"embeddable":true,"href":"https:\/\/www.maisondeluxeprague.com\/ru\/wp-json\/wp\/v2\/media\/4399"}],"wp:attachment":[{"href":"https:\/\/www.maisondeluxeprague.com\/ru\/wp-json\/wp\/v2\/media?parent=4449"}],"wp:term":[{"taxonomy":"product_brand","embeddable":true,"href":"https:\/\/www.maisondeluxeprague.com\/ru\/wp-json\/wp\/v2\/product_brand?post=4449"},{"taxonomy":"product_cat","embeddable":true,"href":"https:\/\/www.maisondeluxeprague.com\/ru\/wp-json\/wp\/v2\/product_cat?post=4449"},{"taxonomy":"product_tag","embeddable":true,"href":"https:\/\/www.maisondeluxeprague.com\/ru\/wp-json\/wp\/v2\/product_tag?post=4449"}],"curies":[{"name":"wp","href":"https:\/\/api.w.org\/{rel}","templated":true}]}}