{"id":4444,"date":"2025-12-21T19:44:17","date_gmt":"2025-12-21T18:44:17","guid":{"rendered":"https:\/\/www.maisondeluxeprague.com\/?post_type=product&#038;p=4444"},"modified":"2026-04-04T17:23:56","modified_gmt":"2026-04-04T15:23:56","slug":"lady-dior-envelope","status":"publish","type":"product","link":"https:\/\/www.maisondeluxeprague.com\/ru\/produkt\/lady-dior-envelope\/","title":{"rendered":"Lady Dior Envelope"},"content":{"rendered":"<p>Christian Dior Lady Dior Envelope Bag<\/p>\n<p>\u041b\u0438\u043c\u0438\u0442\u0438\u0440\u043e\u0432\u0430\u043d\u043d\u0430\u044f \u0441\u0435\u0440\u0438\u044f 2014 \u0433\u043e\u0434\u0430.<\/p>\n<p>\u0412\u0435\u0440\u0441\u0438\u044f \u0441 \u0437\u0430\u0441\u0442\u0451\u0436\u043a\u043e\u0439-\u043c\u043e\u043b\u043d\u0438\u0435\u0439.<\/p>\n<p>\u041d\u0430 \u043d\u0435\u043a\u043e\u0442\u043e\u0440\u044b\u0445 \u043c\u0435\u0442\u0430\u043b\u043b\u0438\u0447\u0435\u0441\u043a\u0438\u0445 \u044d\u043b\u0435\u043c\u0435\u043d\u0442\u0430\u0445 \u0441\u043e\u0445\u0440\u0430\u043d\u0438\u043b\u0438\u0441\u044c \u0437\u0430\u0449\u0438\u0442\u043d\u044b\u0435 \u043f\u043b\u0451\u043d\u043a\u0438.<\/p>\n<p>\u041a \u0441\u0443\u043c\u043a\u0435 \u043f\u0440\u0438\u043b\u0430\u0433\u0430\u0435\u0442\u0441\u044f \u0440\u0435\u043c\u0435\u0448\u043e\u043a, \u043a\u043b\u044e\u0447 \u043e\u0442\u0441\u0443\u0442\u0441\u0442\u0432\u0443\u0435\u0442.<\/p>\n<p>&nbsp;<\/p>","protected":false},"excerpt":{"rendered":"<p>Christian Dior Lady Dior Envelope Bag Limitovan\u00e1 edice z roku 2014. Jedn\u00e1 se o verzi na zip. Na n\u011bkter\u00fdch kovov\u00fdch \u010d\u00e1stech jsou st\u00e1le folie. Ke kabelce je popruh, kl\u00ed\u010dek chyb\u00ed. &nbsp;<\/p>","protected":false},"featured_media":4248,"template":"","meta":{"slim_seo":{"title":"Lady Dior Envelope - Maison de Luxe Prague","description":"Christian Dior Lady Dior Envelope Bag Limitovan\u00e1 edice z roku 2014. Jedn\u00e1 se o verzi na zip. Na n\u011bkter\u00fdch kovov\u00fdch \u010d\u00e1stech jsou st\u00e1le folie. Ke kabelce je popru"}},"product_brand":[94],"product_cat":[159,40],"product_tag":[],"class_list":{"0":"post-4444","1":"product","2":"type-product","3":"status-publish","4":"has-post-thumbnail","6":"product_brand-chanel","7":"product_cat-damske","8":"product_cat-kabelky","10":"first","11":"instock","12":"taxable","13":"shipping-taxable","14":"purchasable","15":"product-type-simple"},"_links":{"self":[{"href":"https:\/\/www.maisondeluxeprague.com\/ru\/wp-json\/wp\/v2\/product\/4444","targetHints":{"allow":["GET"]}}],"collection":[{"href":"https:\/\/www.maisondeluxeprague.com\/ru\/wp-json\/wp\/v2\/product"}],"about":[{"href":"https:\/\/www.maisondeluxeprague.com\/ru\/wp-json\/wp\/v2\/types\/product"}],"wp:featuredmedia":[{"embeddable":true,"href":"https:\/\/www.maisondeluxeprague.com\/ru\/wp-json\/wp\/v2\/media\/4248"}],"wp:attachment":[{"href":"https:\/\/www.maisondeluxeprague.com\/ru\/wp-json\/wp\/v2\/media?parent=4444"}],"wp:term":[{"taxonomy":"product_brand","embeddable":true,"href":"https:\/\/www.maisondeluxeprague.com\/ru\/wp-json\/wp\/v2\/product_brand?post=4444"},{"taxonomy":"product_cat","embeddable":true,"href":"https:\/\/www.maisondeluxeprague.com\/ru\/wp-json\/wp\/v2\/product_cat?post=4444"},{"taxonomy":"product_tag","embeddable":true,"href":"https:\/\/www.maisondeluxeprague.com\/ru\/wp-json\/wp\/v2\/product_tag?post=4444"}],"curies":[{"name":"wp","href":"https:\/\/api.w.org\/{rel}","templated":true}]}}