{"id":4441,"date":"2025-12-21T19:24:08","date_gmt":"2025-12-21T18:24:08","guid":{"rendered":"https:\/\/www.maisondeluxeprague.com\/?post_type=product&#038;p=4441"},"modified":"2026-03-23T20:07:12","modified_gmt":"2026-03-23T19:07:12","slug":"chanel-long-wallet","status":"publish","type":"product","link":"https:\/\/www.maisondeluxeprague.com\/ru\/produkt\/chanel-long-wallet\/","title":{"rendered":"Chanel Long Wallet"},"content":{"rendered":"<p>Chanel Porte Yen Quilted Lambskin Black Leather Wallet<\/p>\n<p>\u041a\u043e\u0448\u0435\u043b\u0451\u043a \u043f\u0440\u043e\u0448\u0451\u043b \u0440\u0435\u0441\u0442\u0430\u0432\u0440\u0430\u0446\u0438\u044e \u0441\u0442\u043e\u0440\u043e\u043d\u043d\u0435\u0439 \u043c\u0430\u0441\u0442\u0435\u0440\u0441\u043a\u043e\u0439, \u0437\u043e\u043b\u043e\u0442\u043e\u0435 \u043f\u043e\u043a\u0440\u044b\u0442\u0438\u0435 \u043d\u0430 \u043b\u043e\u0433\u043e\u0442\u0438\u043f\u0435 \u0441\u043b\u0435\u0433\u043a\u0430 \u043f\u043e\u0446\u0430\u0440\u0430\u043f\u0430\u043d\u043e.<\/p>","protected":false},"excerpt":{"rendered":"<p>Chanel Porte Yen Quilted Lambskin Black Leather Wallet Kabelka je po renovaci t\u0159et\u00ed stranou, m\u00e1 od\u0159enou zlatou barvu na logu.<\/p>","protected":false},"featured_media":4311,"template":"","meta":{"slim_seo":{"title":"Chanel Long Wallet - Maison de Luxe Prague","description":"Chanel Porte Yen Quilted Lambskin Black Leather Wallet Kabelka je po renovaci t\u0159et\u00ed stranou, m\u00e1 od\u0159enou zlatou barvu na logu."}},"product_brand":[94],"product_cat":[159,157],"product_tag":[],"class_list":{"0":"post-4441","1":"product","2":"type-product","3":"status-publish","4":"has-post-thumbnail","6":"product_brand-chanel","7":"product_cat-damske","8":"product_cat-penezenky","10":"first","11":"instock","12":"taxable","13":"shipping-taxable","14":"purchasable","15":"product-type-simple"},"_links":{"self":[{"href":"https:\/\/www.maisondeluxeprague.com\/ru\/wp-json\/wp\/v2\/product\/4441","targetHints":{"allow":["GET"]}}],"collection":[{"href":"https:\/\/www.maisondeluxeprague.com\/ru\/wp-json\/wp\/v2\/product"}],"about":[{"href":"https:\/\/www.maisondeluxeprague.com\/ru\/wp-json\/wp\/v2\/types\/product"}],"wp:featuredmedia":[{"embeddable":true,"href":"https:\/\/www.maisondeluxeprague.com\/ru\/wp-json\/wp\/v2\/media\/4311"}],"wp:attachment":[{"href":"https:\/\/www.maisondeluxeprague.com\/ru\/wp-json\/wp\/v2\/media?parent=4441"}],"wp:term":[{"taxonomy":"product_brand","embeddable":true,"href":"https:\/\/www.maisondeluxeprague.com\/ru\/wp-json\/wp\/v2\/product_brand?post=4441"},{"taxonomy":"product_cat","embeddable":true,"href":"https:\/\/www.maisondeluxeprague.com\/ru\/wp-json\/wp\/v2\/product_cat?post=4441"},{"taxonomy":"product_tag","embeddable":true,"href":"https:\/\/www.maisondeluxeprague.com\/ru\/wp-json\/wp\/v2\/product_tag?post=4441"}],"curies":[{"name":"wp","href":"https:\/\/api.w.org\/{rel}","templated":true}]}}