{"id":4176,"date":"2025-12-15T13:42:00","date_gmt":"2025-12-15T12:42:00","guid":{"rendered":"https:\/\/www.maisondeluxeprague.com\/?post_type=product&#038;p=4176"},"modified":"2026-03-24T23:39:01","modified_gmt":"2026-03-24T22:39:01","slug":"fendi-baguette-white","status":"publish","type":"product","link":"https:\/\/www.maisondeluxeprague.com\/ru\/produkt\/fendi-baguette-white\/","title":{"rendered":"Fendi Baguette White"},"content":{"rendered":"<p>Fendi Baguette Off White Graduated \u2013 Effect Nappa Leather Bag<\/p>\n<p>\u0421\u0443\u043c\u043a\u0430 \u0432 \u0438\u0434\u0435\u0430\u043b\u044c\u043d\u043e\u043c \u0441\u043e\u0441\u0442\u043e\u044f\u043d\u0438\u0438, \u043a\u0430\u043a \u043d\u043e\u0432\u0430\u044f.<\/p>\n<p>\u0410\u043a\u0442\u0443\u0430\u043b\u044c\u043d\u0430\u044f \u0446\u0435\u043d\u0430 \u0432 \u043c\u0430\u0433\u0430\u0437\u0438\u043d\u0435: 3 100 EUR<\/p>","protected":false},"excerpt":{"rendered":"<p>Fendi Baguette Off White Graduated \u2013 Effect Nappa Leather Bag Kabelka je pouze skladovan\u00e1, neno\u0161en\u00e1. Aktu\u00e1ln\u00ed cena v obchod\u011b 3.100 EUR<\/p>","protected":false},"featured_media":4155,"template":"","meta":{"slim_seo":{"title":"Fendi Baguette White - Maison de Luxe Prague","description":"Fendi Baguette Off White Graduated \u2013 Effect Nappa Leather Bag Kabelka je pouze skladovan\u00e1, neno\u0161en\u00e1. Aktu\u00e1ln\u00ed cena v obchod\u011b 3.100 EUR"}},"product_brand":[229],"product_cat":[159,40],"product_tag":[],"class_list":{"0":"post-4176","1":"product","2":"type-product","3":"status-publish","4":"has-post-thumbnail","6":"product_brand-fendi","7":"product_cat-damske","8":"product_cat-kabelky","10":"first","11":"outofstock","12":"taxable","13":"shipping-taxable","14":"purchasable","15":"product-type-simple"},"_links":{"self":[{"href":"https:\/\/www.maisondeluxeprague.com\/ru\/wp-json\/wp\/v2\/product\/4176","targetHints":{"allow":["GET"]}}],"collection":[{"href":"https:\/\/www.maisondeluxeprague.com\/ru\/wp-json\/wp\/v2\/product"}],"about":[{"href":"https:\/\/www.maisondeluxeprague.com\/ru\/wp-json\/wp\/v2\/types\/product"}],"wp:featuredmedia":[{"embeddable":true,"href":"https:\/\/www.maisondeluxeprague.com\/ru\/wp-json\/wp\/v2\/media\/4155"}],"wp:attachment":[{"href":"https:\/\/www.maisondeluxeprague.com\/ru\/wp-json\/wp\/v2\/media?parent=4176"}],"wp:term":[{"taxonomy":"product_brand","embeddable":true,"href":"https:\/\/www.maisondeluxeprague.com\/ru\/wp-json\/wp\/v2\/product_brand?post=4176"},{"taxonomy":"product_cat","embeddable":true,"href":"https:\/\/www.maisondeluxeprague.com\/ru\/wp-json\/wp\/v2\/product_cat?post=4176"},{"taxonomy":"product_tag","embeddable":true,"href":"https:\/\/www.maisondeluxeprague.com\/ru\/wp-json\/wp\/v2\/product_tag?post=4176"}],"curies":[{"name":"wp","href":"https:\/\/api.w.org\/{rel}","templated":true}]}}