{"id":4169,"date":"2025-12-15T12:50:30","date_gmt":"2025-12-15T11:50:30","guid":{"rendered":"https:\/\/www.maisondeluxeprague.com\/?post_type=product&#038;p=4169"},"modified":"2026-03-18T23:24:20","modified_gmt":"2026-03-18T22:24:20","slug":"hermes-garden-party-36-3","status":"publish","type":"product","link":"https:\/\/www.maisondeluxeprague.com\/ru\/produkt\/hermes-garden-party-36-3\/","title":{"rendered":"Herm\u00e8s Garden Party 36"},"content":{"rendered":"<p>Herm\u00e8s Garden Party 36 Fuchsia Leather Bag<\/p>\n<p>\u0421\u0443\u043c\u043a\u0430 \u0432 \u0438\u0434\u0435\u0430\u043b\u044c\u043d\u043e\u043c \u0441\u043e\u0441\u0442\u043e\u044f\u043d\u0438\u0438, \u043a\u0430\u043a \u043d\u043e\u0432\u0430\u044f.<\/p>\n<p>\u0421\u0443\u043c\u043a\u0430 2020 \u0433\u043e\u0434\u0430 \u0432\u044b\u043f\u0443\u0441\u043a\u0430.<\/p>\n<p>\u041f\u0440\u043e\u0434\u0430\u0451\u0442\u0441\u044f \u0441 \u043f\u043e\u0434\u0443\u0448\u0435\u0447\u043a\u043e\u0439 \u0434\u043b\u044f \u043d\u0430\u043f\u043e\u043b\u043d\u0435\u043d\u0438\u044f, \u0434\u043b\u044f \u043f\u0440\u0430\u0432\u0438\u043b\u044c\u043d\u043e\u0433\u043e \u0445\u0440\u0430\u043d\u0435\u043d\u0438\u044f.<\/p>","protected":false},"excerpt":{"rendered":"<p>Herm\u00e8s Garden Party 36 Fuchsia Leather Bag Kabelka je neno\u0161en\u00e1, pouze skladovan\u00e1. Je z roku 2020 Prod\u00e1v\u00e1me s pol\u0161t\u00e1\u0159kem na vycp\u00e1n\u00ed, pro spr\u00e1vn\u00e9 ulo\u017een\u00ed.<\/p>","protected":false},"featured_media":4076,"template":"","meta":{"slim_seo":{"title":"Herm\u00e8s Garden Party 36 - Maison de Luxe Prague","description":"Herm\u00e8s Garden Party 36 Fuchsia Leather Bag Kabelka je neno\u0161en\u00e1, pouze skladovan\u00e1. Je z roku 2020 Prod\u00e1v\u00e1me s pol\u0161t\u00e1\u0159kem na vycp\u00e1n\u00ed, pro spr\u00e1vn\u00e9 ulo\u017een\u00ed."}},"product_brand":[72],"product_cat":[159,40],"product_tag":[],"class_list":{"0":"post-4169","1":"product","2":"type-product","3":"status-publish","4":"has-post-thumbnail","6":"product_brand-hermes","7":"product_cat-damske","8":"product_cat-kabelky","10":"first","11":"instock","12":"taxable","13":"shipping-taxable","14":"purchasable","15":"product-type-simple"},"_links":{"self":[{"href":"https:\/\/www.maisondeluxeprague.com\/ru\/wp-json\/wp\/v2\/product\/4169","targetHints":{"allow":["GET"]}}],"collection":[{"href":"https:\/\/www.maisondeluxeprague.com\/ru\/wp-json\/wp\/v2\/product"}],"about":[{"href":"https:\/\/www.maisondeluxeprague.com\/ru\/wp-json\/wp\/v2\/types\/product"}],"wp:featuredmedia":[{"embeddable":true,"href":"https:\/\/www.maisondeluxeprague.com\/ru\/wp-json\/wp\/v2\/media\/4076"}],"wp:attachment":[{"href":"https:\/\/www.maisondeluxeprague.com\/ru\/wp-json\/wp\/v2\/media?parent=4169"}],"wp:term":[{"taxonomy":"product_brand","embeddable":true,"href":"https:\/\/www.maisondeluxeprague.com\/ru\/wp-json\/wp\/v2\/product_brand?post=4169"},{"taxonomy":"product_cat","embeddable":true,"href":"https:\/\/www.maisondeluxeprague.com\/ru\/wp-json\/wp\/v2\/product_cat?post=4169"},{"taxonomy":"product_tag","embeddable":true,"href":"https:\/\/www.maisondeluxeprague.com\/ru\/wp-json\/wp\/v2\/product_tag?post=4169"}],"curies":[{"name":"wp","href":"https:\/\/api.w.org\/{rel}","templated":true}]}}