{"id":4166,"date":"2025-12-15T12:18:17","date_gmt":"2025-12-15T11:18:17","guid":{"rendered":"https:\/\/www.maisondeluxeprague.com\/?post_type=product&#038;p=4166"},"modified":"2026-03-18T23:24:52","modified_gmt":"2026-03-18T22:24:52","slug":"fendi-peekaboo-mini","status":"publish","type":"product","link":"https:\/\/www.maisondeluxeprague.com\/ru\/produkt\/fendi-peekaboo-mini\/","title":{"rendered":"Fendi Peekaboo Mini"},"content":{"rendered":"<p>Fendi Peekaboo Mini Nappa<\/p>\n<p>\u0421\u0443\u043c\u043a\u0430 \u0438\u043c\u0435\u0435\u0442 \u0441\u043b\u0435\u0433\u043a\u0430 \u043f\u043e\u0446\u0430\u0440\u0430\u043f\u0430\u043d\u043d\u044b\u0435 \u0443\u0433\u043b\u044b.<\/p>\n<p>\u041f\u0440\u043e\u0434\u0430\u0451\u0442\u0441\u044f \u0441 \u0440\u0435\u043c\u0435\u0448\u043a\u043e\u043c.<\/p>","protected":false},"excerpt":{"rendered":"<p>Fendi Peekaboo Mini Nappa Kabelka m\u00e1 lehce od\u0159en\u00e9 rohy. Prod\u00e1v\u00e1me v\u010detn\u011b popruhu.<\/p>","protected":false},"featured_media":3991,"template":"","meta":{"slim_seo":{"title":"Fendi Peekaboo Mini - Maison de Luxe Prague","description":"Fendi Peekaboo Mini Nappa Kabelka m\u00e1 lehce od\u0159en\u00e9 rohy. Prod\u00e1v\u00e1me v\u010detn\u011b popruhu."}},"product_brand":[229],"product_cat":[159,40],"product_tag":[],"class_list":{"0":"post-4166","1":"product","2":"type-product","3":"status-publish","4":"has-post-thumbnail","6":"product_brand-fendi","7":"product_cat-damske","8":"product_cat-kabelky","10":"first","11":"instock","12":"taxable","13":"shipping-taxable","14":"purchasable","15":"product-type-simple"},"_links":{"self":[{"href":"https:\/\/www.maisondeluxeprague.com\/ru\/wp-json\/wp\/v2\/product\/4166","targetHints":{"allow":["GET"]}}],"collection":[{"href":"https:\/\/www.maisondeluxeprague.com\/ru\/wp-json\/wp\/v2\/product"}],"about":[{"href":"https:\/\/www.maisondeluxeprague.com\/ru\/wp-json\/wp\/v2\/types\/product"}],"wp:featuredmedia":[{"embeddable":true,"href":"https:\/\/www.maisondeluxeprague.com\/ru\/wp-json\/wp\/v2\/media\/3991"}],"wp:attachment":[{"href":"https:\/\/www.maisondeluxeprague.com\/ru\/wp-json\/wp\/v2\/media?parent=4166"}],"wp:term":[{"taxonomy":"product_brand","embeddable":true,"href":"https:\/\/www.maisondeluxeprague.com\/ru\/wp-json\/wp\/v2\/product_brand?post=4166"},{"taxonomy":"product_cat","embeddable":true,"href":"https:\/\/www.maisondeluxeprague.com\/ru\/wp-json\/wp\/v2\/product_cat?post=4166"},{"taxonomy":"product_tag","embeddable":true,"href":"https:\/\/www.maisondeluxeprague.com\/ru\/wp-json\/wp\/v2\/product_tag?post=4166"}],"curies":[{"name":"wp","href":"https:\/\/api.w.org\/{rel}","templated":true}]}}