{"id":4165,"date":"2025-12-15T12:09:24","date_gmt":"2025-12-15T11:09:24","guid":{"rendered":"https:\/\/www.maisondeluxeprague.com\/?post_type=product&#038;p=4165"},"modified":"2026-04-16T12:01:59","modified_gmt":"2026-04-16T10:01:59","slug":"chanel-deauville","status":"publish","type":"product","link":"https:\/\/www.maisondeluxeprague.com\/ru\/produkt\/chanel-deauville\/","title":{"rendered":"Chanel Deauville"},"content":{"rendered":"<p>Chanel Deauville Small Leather Bag<\/p>\n<p>\u0423 \u0441\u0443\u043c\u043a\u0438 \u043e\u0442\u0441\u0443\u0442\u0441\u0442\u0432\u0443\u0435\u0442 \u0434\u0430\u0442\u0430\u043a\u043e\u0434, \u043f\u043e\u044d\u0442\u043e\u043c\u0443 \u043c\u044b \u043f\u0440\u043e\u0434\u0430\u0451\u043c \u0435\u0451 \u0441 \u0441\u0435\u0440\u0442\u0438\u0444\u0438\u043a\u0430\u0442\u043e\u043c \u043f\u043e\u0434\u043b\u0438\u043d\u043d\u043e\u0441\u0442\u0438 Entrupy.<\/p>","protected":false},"excerpt":{"rendered":"<p>Chanel Deauville Small Leather Bag Kabelce chyb\u00ed datacode, p\u0159ikl\u00e1d\u00e1me Entrupy certifik\u00e1t pravosti.<\/p>","protected":false},"featured_media":4085,"template":"","meta":{"slim_seo":{"title":"Chanel Deauville - Maison de Luxe Prague","description":"Chanel Deauville Small Leather Bag Kabelce chyb\u00ed datacode, p\u0159ikl\u00e1d\u00e1me Entrupy certifik\u00e1t pravosti."}},"product_brand":[94],"product_cat":[159,40],"product_tag":[],"class_list":{"0":"post-4165","1":"product","2":"type-product","3":"status-publish","4":"has-post-thumbnail","6":"product_brand-chanel","7":"product_cat-damske","8":"product_cat-kabelky","10":"first","11":"outofstock","12":"taxable","13":"shipping-taxable","14":"purchasable","15":"product-type-simple"},"_links":{"self":[{"href":"https:\/\/www.maisondeluxeprague.com\/ru\/wp-json\/wp\/v2\/product\/4165","targetHints":{"allow":["GET"]}}],"collection":[{"href":"https:\/\/www.maisondeluxeprague.com\/ru\/wp-json\/wp\/v2\/product"}],"about":[{"href":"https:\/\/www.maisondeluxeprague.com\/ru\/wp-json\/wp\/v2\/types\/product"}],"wp:featuredmedia":[{"embeddable":true,"href":"https:\/\/www.maisondeluxeprague.com\/ru\/wp-json\/wp\/v2\/media\/4085"}],"wp:attachment":[{"href":"https:\/\/www.maisondeluxeprague.com\/ru\/wp-json\/wp\/v2\/media?parent=4165"}],"wp:term":[{"taxonomy":"product_brand","embeddable":true,"href":"https:\/\/www.maisondeluxeprague.com\/ru\/wp-json\/wp\/v2\/product_brand?post=4165"},{"taxonomy":"product_cat","embeddable":true,"href":"https:\/\/www.maisondeluxeprague.com\/ru\/wp-json\/wp\/v2\/product_cat?post=4165"},{"taxonomy":"product_tag","embeddable":true,"href":"https:\/\/www.maisondeluxeprague.com\/ru\/wp-json\/wp\/v2\/product_tag?post=4165"}],"curies":[{"name":"wp","href":"https:\/\/api.w.org\/{rel}","templated":true}]}}