{"id":4132,"date":"2025-12-14T12:56:42","date_gmt":"2025-12-14T11:56:42","guid":{"rendered":"https:\/\/www.maisondeluxeprague.com\/?post_type=product&#038;p=4132"},"modified":"2026-03-18T23:25:33","modified_gmt":"2026-03-18T22:25:33","slug":"louis-vuitton-capucines-mm","status":"publish","type":"product","link":"https:\/\/www.maisondeluxeprague.com\/ru\/produkt\/louis-vuitton-capucines-mm\/","title":{"rendered":"Louis Vuitton Capucines MM"},"content":{"rendered":"<p>\u041b\u0438\u043c\u0438\u0442\u0438\u0440\u043e\u0432\u0430\u043d\u043d\u0430\u044f \u0441\u0435\u0440\u0438\u044f.<\/p>\n<p>\u041f\u0440\u043e\u0434\u0430\u0451\u0442\u0441\u044f \u0441 \u043a\u043e\u0436\u0430\u043d\u044b\u043c \u0440\u0435\u043c\u0435\u0448\u043a\u043e\u043c.<\/p>","protected":false},"excerpt":{"rendered":"<p>Jedn\u00e1 se o limitovanou edici. Kabelka je v\u010detn\u011b popruhu<\/p>","protected":false},"featured_media":4014,"template":"","meta":{"slim_seo":{"title":"Louis Vuitton Capucines MM - Maison de Luxe Prague","description":"Jedn\u00e1 se o limitovanou edici. Kabelka je v\u010detn\u011b popruhu"}},"product_brand":[77],"product_cat":[159,40],"product_tag":[],"class_list":{"0":"post-4132","1":"product","2":"type-product","3":"status-publish","4":"has-post-thumbnail","6":"product_brand-louis-vuitton","7":"product_cat-damske","8":"product_cat-kabelky","10":"first","11":"instock","12":"taxable","13":"shipping-taxable","14":"purchasable","15":"product-type-simple"},"_links":{"self":[{"href":"https:\/\/www.maisondeluxeprague.com\/ru\/wp-json\/wp\/v2\/product\/4132","targetHints":{"allow":["GET"]}}],"collection":[{"href":"https:\/\/www.maisondeluxeprague.com\/ru\/wp-json\/wp\/v2\/product"}],"about":[{"href":"https:\/\/www.maisondeluxeprague.com\/ru\/wp-json\/wp\/v2\/types\/product"}],"wp:featuredmedia":[{"embeddable":true,"href":"https:\/\/www.maisondeluxeprague.com\/ru\/wp-json\/wp\/v2\/media\/4014"}],"wp:attachment":[{"href":"https:\/\/www.maisondeluxeprague.com\/ru\/wp-json\/wp\/v2\/media?parent=4132"}],"wp:term":[{"taxonomy":"product_brand","embeddable":true,"href":"https:\/\/www.maisondeluxeprague.com\/ru\/wp-json\/wp\/v2\/product_brand?post=4132"},{"taxonomy":"product_cat","embeddable":true,"href":"https:\/\/www.maisondeluxeprague.com\/ru\/wp-json\/wp\/v2\/product_cat?post=4132"},{"taxonomy":"product_tag","embeddable":true,"href":"https:\/\/www.maisondeluxeprague.com\/ru\/wp-json\/wp\/v2\/product_tag?post=4132"}],"curies":[{"name":"wp","href":"https:\/\/api.w.org\/{rel}","templated":true}]}}