{"id":3958,"date":"2025-12-10T21:00:37","date_gmt":"2025-12-10T20:00:37","guid":{"rendered":"https:\/\/www.maisondeluxeprague.com\/?post_type=product&#038;p=3958"},"modified":"2026-03-18T23:22:09","modified_gmt":"2026-03-18T22:22:09","slug":"chanel-mini-caviar","status":"publish","type":"product","link":"https:\/\/www.maisondeluxeprague.com\/ru\/produkt\/chanel-mini-caviar\/","title":{"rendered":"Chanel Mini Caviar"},"content":{"rendered":"<p>Chanel Mini Caviar Leather Bag<\/p>\n<p>\u0421\u0443\u043c\u043a\u0430 2022 \u0433\u043e\u0434\u0430 \u0432\u044b\u043f\u0443\u0441\u043a\u0430.<\/p>\n<p>\u041c\u0435\u0442\u0430\u043b\u043b\u0438\u0447\u0435\u0441\u043a\u0438\u0439 \u043b\u043e\u0433\u043e\u0442\u0438\u043f \u0438\u043c\u0435\u0435\u0442 \u0441\u043b\u0435\u0434\u044b \u0438\u0441\u043f\u043e\u043b\u044c\u0437\u043e\u0432\u0430\u043d\u0438\u044f.<\/p>\n<p>&nbsp;<\/p>","protected":false},"excerpt":{"rendered":"<p>Chanel Mini Caviar Leather Bag Kabelka je z 2022. Kovov\u00e9 logo nese zn\u00e1mky no\u0161en\u00ed. &nbsp;<\/p>","protected":false},"featured_media":3894,"template":"","meta":{"slim_seo":{"title":"Chanel Mini Caviar - Maison de Luxe Prague","description":"Chanel Mini Caviar Leather Bag Kabelka je z 2022. Kovov\u00e9 logo nese zn\u00e1mky no\u0161en\u00ed. &nbsp;"}},"product_brand":[94],"product_cat":[159,40,157],"product_tag":[],"class_list":{"0":"post-3958","1":"product","2":"type-product","3":"status-publish","4":"has-post-thumbnail","6":"product_brand-chanel","7":"product_cat-damske","8":"product_cat-kabelky","9":"product_cat-penezenky","11":"first","12":"instock","13":"taxable","14":"shipping-taxable","15":"purchasable","16":"product-type-simple"},"_links":{"self":[{"href":"https:\/\/www.maisondeluxeprague.com\/ru\/wp-json\/wp\/v2\/product\/3958","targetHints":{"allow":["GET"]}}],"collection":[{"href":"https:\/\/www.maisondeluxeprague.com\/ru\/wp-json\/wp\/v2\/product"}],"about":[{"href":"https:\/\/www.maisondeluxeprague.com\/ru\/wp-json\/wp\/v2\/types\/product"}],"wp:featuredmedia":[{"embeddable":true,"href":"https:\/\/www.maisondeluxeprague.com\/ru\/wp-json\/wp\/v2\/media\/3894"}],"wp:attachment":[{"href":"https:\/\/www.maisondeluxeprague.com\/ru\/wp-json\/wp\/v2\/media?parent=3958"}],"wp:term":[{"taxonomy":"product_brand","embeddable":true,"href":"https:\/\/www.maisondeluxeprague.com\/ru\/wp-json\/wp\/v2\/product_brand?post=3958"},{"taxonomy":"product_cat","embeddable":true,"href":"https:\/\/www.maisondeluxeprague.com\/ru\/wp-json\/wp\/v2\/product_cat?post=3958"},{"taxonomy":"product_tag","embeddable":true,"href":"https:\/\/www.maisondeluxeprague.com\/ru\/wp-json\/wp\/v2\/product_tag?post=3958"}],"curies":[{"name":"wp","href":"https:\/\/api.w.org\/{rel}","templated":true}]}}