{"id":3951,"date":"2025-12-10T18:59:07","date_gmt":"2025-12-10T17:59:07","guid":{"rendered":"https:\/\/www.maisondeluxeprague.com\/?post_type=product&#038;p=3951"},"modified":"2026-03-18T23:21:51","modified_gmt":"2026-03-18T22:21:51","slug":"hermes-garden-party-36-2","status":"publish","type":"product","link":"https:\/\/www.maisondeluxeprague.com\/ru\/produkt\/hermes-garden-party-36-2\/","title":{"rendered":"Herm\u00e8s Garden Party 36"},"content":{"rendered":"<p>Herm\u00e8s Garden Party 36<\/p>\n<p>\u0421\u0443\u043c\u043a\u0430 2010 \u0433\u043e\u0434\u0430 \u0432\u044b\u043f\u0443\u0441\u043a\u0430.<\/p>\n<p>\u0411\u0430\u043d\u0434\u0430\u043d\u0430 \u043d\u0435 \u0432\u0445\u043e\u0434\u0438\u0442 \u0432 \u043a\u043e\u043c\u043f\u043b\u0435\u043a\u0442.<\/p>\n<p>\u0422\u043a\u0430\u043d\u044c \u0441\u043b\u0435\u0433\u043a\u0430 \u043f\u043e\u0436\u0435\u043b\u0442\u0435\u043b\u0430 \u0438 \u043f\u0440\u0438\u0441\u0443\u0442\u0441\u0442\u0432\u0443\u0435\u0442 \u043b\u0451\u0433\u043a\u0438\u0439 \u0437\u0430\u043f\u0430\u0445 \u0445\u0440\u0430\u043d\u0435\u043d\u0438\u044f.<\/p>","protected":false},"excerpt":{"rendered":"<p>Herm\u00e8s Garden Party 36 Kabelka je z roku 2010. Bandana nen\u00ed sou\u010d\u00e1st\u00ed Pl\u00e1tno je lehce za\u017eloutl\u00e9 a lehce c\u00edtit.<\/p>","protected":false},"featured_media":3852,"template":"","meta":{"slim_seo":{"title":"Herm\u00e8s Garden Party 36 - Maison de Luxe Prague","description":"Herm\u00e8s Garden Party 36 Kabelka je z roku 2010. Bandana nen\u00ed sou\u010d\u00e1st\u00ed Pl\u00e1tno je lehce za\u017eloutl\u00e9 a lehce c\u00edtit."}},"product_brand":[72],"product_cat":[159,40],"product_tag":[],"class_list":{"0":"post-3951","1":"product","2":"type-product","3":"status-publish","4":"has-post-thumbnail","6":"product_brand-hermes","7":"product_cat-damske","8":"product_cat-kabelky","10":"first","11":"instock","12":"taxable","13":"shipping-taxable","14":"purchasable","15":"product-type-simple"},"_links":{"self":[{"href":"https:\/\/www.maisondeluxeprague.com\/ru\/wp-json\/wp\/v2\/product\/3951","targetHints":{"allow":["GET"]}}],"collection":[{"href":"https:\/\/www.maisondeluxeprague.com\/ru\/wp-json\/wp\/v2\/product"}],"about":[{"href":"https:\/\/www.maisondeluxeprague.com\/ru\/wp-json\/wp\/v2\/types\/product"}],"wp:featuredmedia":[{"embeddable":true,"href":"https:\/\/www.maisondeluxeprague.com\/ru\/wp-json\/wp\/v2\/media\/3852"}],"wp:attachment":[{"href":"https:\/\/www.maisondeluxeprague.com\/ru\/wp-json\/wp\/v2\/media?parent=3951"}],"wp:term":[{"taxonomy":"product_brand","embeddable":true,"href":"https:\/\/www.maisondeluxeprague.com\/ru\/wp-json\/wp\/v2\/product_brand?post=3951"},{"taxonomy":"product_cat","embeddable":true,"href":"https:\/\/www.maisondeluxeprague.com\/ru\/wp-json\/wp\/v2\/product_cat?post=3951"},{"taxonomy":"product_tag","embeddable":true,"href":"https:\/\/www.maisondeluxeprague.com\/ru\/wp-json\/wp\/v2\/product_tag?post=3951"}],"curies":[{"name":"wp","href":"https:\/\/api.w.org\/{rel}","templated":true}]}}