{"id":3914,"date":"2025-12-10T12:16:02","date_gmt":"2025-12-10T11:16:02","guid":{"rendered":"https:\/\/www.maisondeluxeprague.com\/?post_type=product&#038;p=3914"},"modified":"2026-03-18T23:21:19","modified_gmt":"2026-03-18T22:21:19","slug":"gucci-jackie-wool","status":"publish","type":"product","link":"https:\/\/www.maisondeluxeprague.com\/ru\/produkt\/gucci-jackie-wool\/","title":{"rendered":"Gucci Jackie Wool"},"content":{"rendered":"<p>Gucci Vintage Jackie Wool Bag<\/p>\n<p>\u0421\u0443\u043c\u043a\u0430 \u043f\u0440\u043e\u0448\u043b\u0430 \u043e\u043a\u0440\u0430\u0441\u043a\u0443 \u043a\u043e\u0436\u0438 \u0441\u0442\u043e\u0440\u043e\u043d\u043d\u0435\u0439 \u043c\u0430\u0441\u0442\u0435\u0440\u0441\u043a\u043e\u0439.<\/p>\n<p>&nbsp;<\/p>","protected":false},"excerpt":{"rendered":"<p>Gucci Vintage Jackie Wool Bag Kabelka je po barven\u00ed k\u016f\u017ee t\u0159et\u00ed stranou. &nbsp;<\/p>","protected":false},"featured_media":3711,"template":"","meta":{"slim_seo":{"title":"Gucci Jackie Wool - Maison de Luxe Prague","description":"Gucci Vintage Jackie Wool Bag Kabelka je po barven\u00ed k\u016f\u017ee t\u0159et\u00ed stranou. &nbsp;"}},"product_brand":[152],"product_cat":[159,40],"product_tag":[],"class_list":{"0":"post-3914","1":"product","2":"type-product","3":"status-publish","4":"has-post-thumbnail","6":"product_brand-gucci","7":"product_cat-damske","8":"product_cat-kabelky","10":"first","11":"instock","12":"taxable","13":"shipping-taxable","14":"purchasable","15":"product-type-simple"},"_links":{"self":[{"href":"https:\/\/www.maisondeluxeprague.com\/ru\/wp-json\/wp\/v2\/product\/3914","targetHints":{"allow":["GET"]}}],"collection":[{"href":"https:\/\/www.maisondeluxeprague.com\/ru\/wp-json\/wp\/v2\/product"}],"about":[{"href":"https:\/\/www.maisondeluxeprague.com\/ru\/wp-json\/wp\/v2\/types\/product"}],"wp:featuredmedia":[{"embeddable":true,"href":"https:\/\/www.maisondeluxeprague.com\/ru\/wp-json\/wp\/v2\/media\/3711"}],"wp:attachment":[{"href":"https:\/\/www.maisondeluxeprague.com\/ru\/wp-json\/wp\/v2\/media?parent=3914"}],"wp:term":[{"taxonomy":"product_brand","embeddable":true,"href":"https:\/\/www.maisondeluxeprague.com\/ru\/wp-json\/wp\/v2\/product_brand?post=3914"},{"taxonomy":"product_cat","embeddable":true,"href":"https:\/\/www.maisondeluxeprague.com\/ru\/wp-json\/wp\/v2\/product_cat?post=3914"},{"taxonomy":"product_tag","embeddable":true,"href":"https:\/\/www.maisondeluxeprague.com\/ru\/wp-json\/wp\/v2\/product_tag?post=3914"}],"curies":[{"name":"wp","href":"https:\/\/api.w.org\/{rel}","templated":true}]}}