{"id":3913,"date":"2025-12-10T12:01:18","date_gmt":"2025-12-10T11:01:18","guid":{"rendered":"https:\/\/www.maisondeluxeprague.com\/?post_type=product&#038;p=3913"},"modified":"2026-03-18T23:21:08","modified_gmt":"2026-03-18T22:21:08","slug":"fendi-mini-by-the-way","status":"publish","type":"product","link":"https:\/\/www.maisondeluxeprague.com\/ru\/produkt\/fendi-mini-by-the-way\/","title":{"rendered":"Fendi Mini By The Way"},"content":{"rendered":"<p>\u0411\u0435\u0437\u0443\u0441\u043b\u043e\u0432\u043d\u043e, \u0441\u0443\u043c\u043a\u0430, \u043a\u043e\u0442\u043e\u0440\u0443\u044e \u043d\u0435\u0432\u043e\u0437\u043c\u043e\u0436\u043d\u043e \u043d\u0435 \u0437\u0430\u043c\u0435\u0442\u0438\u0442\u044c.<\/p>\n<p>\u041d\u0430 \u0437\u0430\u0434\u043d\u0435\u0439 \u0441\u0442\u043e\u0440\u043e\u043d\u0435 \u043f\u043e\u043c\u043f\u043e\u043d\u044b \u0438\u043c\u0435\u044e\u0442 \u043f\u0440\u043e\u043f\u043b\u0435\u0448\u0438\u043d\u044b.<\/p>\n<p>&nbsp;<\/p>","protected":false},"excerpt":{"rendered":"<p>Jednozna\u010dn\u011b kabelka, kter\u00e1 se ned\u00e1 p\u0159ehl\u00e9dnout. Na zadn\u00ed stran\u011b maj\u00ed bambulky lysiny. &nbsp;<\/p>","protected":false},"featured_media":3720,"template":"","meta":{"slim_seo":{"title":"Fendi Mini By The Way - Maison de Luxe Prague","description":"Jednozna\u010dn\u011b kabelka, kter\u00e1 se ned\u00e1 p\u0159ehl\u00e9dnout. Na zadn\u00ed stran\u011b maj\u00ed bambulky lysiny. &nbsp;"}},"product_brand":[229],"product_cat":[159,40],"product_tag":[],"class_list":{"0":"post-3913","1":"product","2":"type-product","3":"status-publish","4":"has-post-thumbnail","6":"product_brand-fendi","7":"product_cat-damske","8":"product_cat-kabelky","10":"first","11":"instock","12":"taxable","13":"shipping-taxable","14":"purchasable","15":"product-type-simple"},"_links":{"self":[{"href":"https:\/\/www.maisondeluxeprague.com\/ru\/wp-json\/wp\/v2\/product\/3913","targetHints":{"allow":["GET"]}}],"collection":[{"href":"https:\/\/www.maisondeluxeprague.com\/ru\/wp-json\/wp\/v2\/product"}],"about":[{"href":"https:\/\/www.maisondeluxeprague.com\/ru\/wp-json\/wp\/v2\/types\/product"}],"wp:featuredmedia":[{"embeddable":true,"href":"https:\/\/www.maisondeluxeprague.com\/ru\/wp-json\/wp\/v2\/media\/3720"}],"wp:attachment":[{"href":"https:\/\/www.maisondeluxeprague.com\/ru\/wp-json\/wp\/v2\/media?parent=3913"}],"wp:term":[{"taxonomy":"product_brand","embeddable":true,"href":"https:\/\/www.maisondeluxeprague.com\/ru\/wp-json\/wp\/v2\/product_brand?post=3913"},{"taxonomy":"product_cat","embeddable":true,"href":"https:\/\/www.maisondeluxeprague.com\/ru\/wp-json\/wp\/v2\/product_cat?post=3913"},{"taxonomy":"product_tag","embeddable":true,"href":"https:\/\/www.maisondeluxeprague.com\/ru\/wp-json\/wp\/v2\/product_tag?post=3913"}],"curies":[{"name":"wp","href":"https:\/\/api.w.org\/{rel}","templated":true}]}}