{"id":3663,"date":"2025-11-11T00:12:42","date_gmt":"2025-11-10T23:12:42","guid":{"rendered":"https:\/\/www.maisondeluxeprague.com\/?post_type=product&#038;p=3663"},"modified":"2025-12-10T21:12:52","modified_gmt":"2025-12-10T20:12:52","slug":"hermes-kelly-pocket","status":"publish","type":"product","link":"https:\/\/www.maisondeluxeprague.com\/ru\/produkt\/hermes-kelly-pocket\/","title":{"rendered":"Herm\u00e8s Kelly Pocket"},"content":{"rendered":"<p>Herm\u00e8s Kelly Pocket Long Wallet Etoupe<\/p>\n<p>\u041f\u043e\u0434\u0445\u043e\u0434\u0438\u0442 \u0432 \u043a\u0430\u0447\u0435\u0441\u0442\u0432\u0435 \u043f\u043e\u0434\u0430\u0440\u043a\u0430<\/p>\n<p>\u0420\u0435\u0434\u043a\u0438\u0439 \u0446\u0432\u0435\u0442.<\/p>","protected":false},"excerpt":{"rendered":"<p>Herm\u00e8s Kelly Pocket Long Wallet Etoupe Nov\u00e1! Vhodn\u00e1 jako d\u00e1rek. Nesehnateln\u00e1 barva.<\/p>","protected":false},"featured_media":3613,"template":"","meta":{"slim_seo":{"title":"Herm\u00e8s Kelly Pocket - Maison de Luxe Prague","description":"Herm\u00e8s Kelly Pocket Long Wallet Etoupe Nov\u00e1! Vhodn\u00e1 jako d\u00e1rek. Nesehnateln\u00e1 barva."}},"product_brand":[72],"product_cat":[159,40,161,158,163,157],"product_tag":[],"class_list":{"0":"post-3663","1":"product","2":"type-product","3":"status-publish","4":"has-post-thumbnail","6":"product_brand-hermes","7":"product_cat-damske","8":"product_cat-kabelky","9":"product_cat-kabelky-panske","10":"product_cat-panske","11":"product_cat-penezenky-panske","12":"product_cat-penezenky","14":"first","15":"instock","16":"taxable","17":"shipping-taxable","18":"purchasable","19":"product-type-simple"},"_links":{"self":[{"href":"https:\/\/www.maisondeluxeprague.com\/ru\/wp-json\/wp\/v2\/product\/3663","targetHints":{"allow":["GET"]}}],"collection":[{"href":"https:\/\/www.maisondeluxeprague.com\/ru\/wp-json\/wp\/v2\/product"}],"about":[{"href":"https:\/\/www.maisondeluxeprague.com\/ru\/wp-json\/wp\/v2\/types\/product"}],"wp:featuredmedia":[{"embeddable":true,"href":"https:\/\/www.maisondeluxeprague.com\/ru\/wp-json\/wp\/v2\/media\/3613"}],"wp:attachment":[{"href":"https:\/\/www.maisondeluxeprague.com\/ru\/wp-json\/wp\/v2\/media?parent=3663"}],"wp:term":[{"taxonomy":"product_brand","embeddable":true,"href":"https:\/\/www.maisondeluxeprague.com\/ru\/wp-json\/wp\/v2\/product_brand?post=3663"},{"taxonomy":"product_cat","embeddable":true,"href":"https:\/\/www.maisondeluxeprague.com\/ru\/wp-json\/wp\/v2\/product_cat?post=3663"},{"taxonomy":"product_tag","embeddable":true,"href":"https:\/\/www.maisondeluxeprague.com\/ru\/wp-json\/wp\/v2\/product_tag?post=3663"}],"curies":[{"name":"wp","href":"https:\/\/api.w.org\/{rel}","templated":true}]}}