{"id":3661,"date":"2025-11-10T23:52:37","date_gmt":"2025-11-10T22:52:37","guid":{"rendered":"https:\/\/www.maisondeluxeprague.com\/?post_type=product&#038;p=3661"},"modified":"2026-03-18T23:20:17","modified_gmt":"2026-03-18T22:20:17","slug":"louis-vuitton-pegase-45","status":"publish","type":"product","link":"https:\/\/www.maisondeluxeprague.com\/ru\/produkt\/louis-vuitton-pegase-45\/","title":{"rendered":"Louis Vuitton Pegase 45"},"content":{"rendered":"<p>Louis Vuitton Pegase 45 Monogram Canvas<\/p>\n<p>\u041f\u0440\u043e\u0434\u0430\u0451\u0442\u0441\u044f \u0432\u043c\u0435\u0441\u0442\u0435 \u0441 \u0437\u0430\u043c\u043a\u043e\u043c \u0438 \u043a\u043b\u044e\u0447\u043e\u043c.<\/p>\n<p>\u0420\u0430\u0437\u043c\u0435\u0440 \u043f\u043e\u0434\u0445\u043e\u0434\u0438\u0442 \u0434\u043b\u044f \u0440\u0443\u0447\u043d\u043e\u0439 \u043a\u043b\u0430\u0434\u0438.<\/p>","protected":false},"excerpt":{"rendered":"<p>Louis Vuitton Pegase 45 Monogram Canvas Prod\u00e1v\u00e1me v\u010detn\u011b z\u00e1me\u010dku s kl\u00ed\u010dem. Velikost palubn\u00edho zavazadla.<\/p>","protected":false},"featured_media":3637,"template":"","meta":{"slim_seo":{"title":"Louis Vuitton Pegase 45 - Maison de Luxe Prague","description":"Louis Vuitton Pegase 45 Monogram Canvas Prod\u00e1v\u00e1me v\u010detn\u011b z\u00e1me\u010dku s kl\u00ed\u010dem. Velikost palubn\u00edho zavazadla."}},"product_brand":[77],"product_cat":[426,159],"product_tag":[],"class_list":{"0":"post-3661","1":"product","2":"type-product","3":"status-publish","4":"has-post-thumbnail","6":"product_brand-louis-vuitton","7":"product_cat-zavazadla","8":"product_cat-damske","10":"first","11":"instock","12":"taxable","13":"shipping-taxable","14":"purchasable","15":"product-type-simple"},"_links":{"self":[{"href":"https:\/\/www.maisondeluxeprague.com\/ru\/wp-json\/wp\/v2\/product\/3661","targetHints":{"allow":["GET"]}}],"collection":[{"href":"https:\/\/www.maisondeluxeprague.com\/ru\/wp-json\/wp\/v2\/product"}],"about":[{"href":"https:\/\/www.maisondeluxeprague.com\/ru\/wp-json\/wp\/v2\/types\/product"}],"wp:featuredmedia":[{"embeddable":true,"href":"https:\/\/www.maisondeluxeprague.com\/ru\/wp-json\/wp\/v2\/media\/3637"}],"wp:attachment":[{"href":"https:\/\/www.maisondeluxeprague.com\/ru\/wp-json\/wp\/v2\/media?parent=3661"}],"wp:term":[{"taxonomy":"product_brand","embeddable":true,"href":"https:\/\/www.maisondeluxeprague.com\/ru\/wp-json\/wp\/v2\/product_brand?post=3661"},{"taxonomy":"product_cat","embeddable":true,"href":"https:\/\/www.maisondeluxeprague.com\/ru\/wp-json\/wp\/v2\/product_cat?post=3661"},{"taxonomy":"product_tag","embeddable":true,"href":"https:\/\/www.maisondeluxeprague.com\/ru\/wp-json\/wp\/v2\/product_tag?post=3661"}],"curies":[{"name":"wp","href":"https:\/\/api.w.org\/{rel}","templated":true}]}}