{"id":3654,"date":"2025-11-10T23:03:55","date_gmt":"2025-11-10T22:03:55","guid":{"rendered":"https:\/\/www.maisondeluxeprague.com\/?post_type=product&#038;p=3654"},"modified":"2026-03-27T15:25:59","modified_gmt":"2026-03-27T14:25:59","slug":"gucci-jackie-tote-bag","status":"publish","type":"product","link":"https:\/\/www.maisondeluxeprague.com\/ru\/produkt\/gucci-jackie-tote-bag\/","title":{"rendered":"Gucci Jackie Tote Bag"},"content":{"rendered":"<p>Gucci Jackie Tote Large Bag<\/p>\n<p>Kabelka je neno\u0161en\u00e1, jako nov\u00e1.<\/p>\n<p>St\u00e1le kr\u00e1sn\u011b von\u00ed k\u016f\u017e\u00ed.<\/p>","protected":false},"excerpt":{"rendered":"<p>Gucci Jackie Tote Large Bag Kabelka je neno\u0161en\u00e1, jako nov\u00e1. St\u00e1le kr\u00e1sn\u011b von\u00ed k\u016f\u017e\u00ed.<\/p>","protected":false},"featured_media":3600,"template":"","meta":{"slim_seo":{"title":"Gucci Jackie Tote Bag - Maison de Luxe Prague","description":"Gucci Jackie Tote Large Bag Kabelka je neno\u0161en\u00e1, jako nov\u00e1. St\u00e1le kr\u00e1sn\u011b von\u00ed k\u016f\u017e\u00ed."}},"product_brand":[152],"product_cat":[159,161,40,158,499],"product_tag":[],"class_list":{"0":"post-3654","1":"product","2":"type-product","3":"status-publish","4":"has-post-thumbnail","6":"product_brand-gucci","7":"product_cat-damske","8":"product_cat-kabelky-panske","9":"product_cat-kabelky","10":"product_cat-panske","11":"product_cat-slevy","13":"first","14":"instock","15":"sale","16":"taxable","17":"shipping-taxable","18":"purchasable","19":"product-type-simple"},"_links":{"self":[{"href":"https:\/\/www.maisondeluxeprague.com\/ru\/wp-json\/wp\/v2\/product\/3654","targetHints":{"allow":["GET"]}}],"collection":[{"href":"https:\/\/www.maisondeluxeprague.com\/ru\/wp-json\/wp\/v2\/product"}],"about":[{"href":"https:\/\/www.maisondeluxeprague.com\/ru\/wp-json\/wp\/v2\/types\/product"}],"wp:featuredmedia":[{"embeddable":true,"href":"https:\/\/www.maisondeluxeprague.com\/ru\/wp-json\/wp\/v2\/media\/3600"}],"wp:attachment":[{"href":"https:\/\/www.maisondeluxeprague.com\/ru\/wp-json\/wp\/v2\/media?parent=3654"}],"wp:term":[{"taxonomy":"product_brand","embeddable":true,"href":"https:\/\/www.maisondeluxeprague.com\/ru\/wp-json\/wp\/v2\/product_brand?post=3654"},{"taxonomy":"product_cat","embeddable":true,"href":"https:\/\/www.maisondeluxeprague.com\/ru\/wp-json\/wp\/v2\/product_cat?post=3654"},{"taxonomy":"product_tag","embeddable":true,"href":"https:\/\/www.maisondeluxeprague.com\/ru\/wp-json\/wp\/v2\/product_tag?post=3654"}],"curies":[{"name":"wp","href":"https:\/\/api.w.org\/{rel}","templated":true}]}}