{"id":3527,"date":"2025-11-10T22:50:54","date_gmt":"2025-11-10T21:50:54","guid":{"rendered":"https:\/\/www.maisondeluxeprague.com\/?post_type=product&#038;p=3527"},"modified":"2026-02-28T11:45:25","modified_gmt":"2026-02-28T10:45:25","slug":"hermes-kelly-wallet","status":"publish","type":"product","link":"https:\/\/www.maisondeluxeprague.com\/ru\/produkt\/hermes-kelly-wallet\/","title":{"rendered":"Herm\u00e8s Kelly Wallet"},"content":{"rendered":"<p>Herm\u00e8s Kelly Long Wallet<\/p>\n<p>\u041c\u043e\u0436\u043d\u043e \u043d\u043e\u0441\u0438\u0442\u044c \u043a\u0430\u043a \u043a\u043b\u0430\u0442\u0447.<\/p>","protected":false},"excerpt":{"rendered":"<p>Herm\u00e8s Kelly Long Wallet Mo\u017en\u00e9 nosit jako psan\u00ed\u010dko.<\/p>","protected":false},"featured_media":3547,"template":"","meta":{"slim_seo":{"title":"Herm\u00e8s Kelly Wallet - Maison de Luxe Prague","description":"Herm\u00e8s Kelly Long Wallet Mo\u017en\u00e9 nosit jako psan\u00ed\u010dko."}},"product_brand":[72],"product_cat":[159,40,157,499],"product_tag":[],"class_list":{"0":"post-3527","1":"product","2":"type-product","3":"status-publish","4":"has-post-thumbnail","6":"product_brand-hermes","7":"product_cat-damske","8":"product_cat-kabelky","9":"product_cat-penezenky","10":"product_cat-slevy","12":"first","13":"instock","14":"sale","15":"taxable","16":"shipping-taxable","17":"purchasable","18":"product-type-simple"},"_links":{"self":[{"href":"https:\/\/www.maisondeluxeprague.com\/ru\/wp-json\/wp\/v2\/product\/3527","targetHints":{"allow":["GET"]}}],"collection":[{"href":"https:\/\/www.maisondeluxeprague.com\/ru\/wp-json\/wp\/v2\/product"}],"about":[{"href":"https:\/\/www.maisondeluxeprague.com\/ru\/wp-json\/wp\/v2\/types\/product"}],"wp:featuredmedia":[{"embeddable":true,"href":"https:\/\/www.maisondeluxeprague.com\/ru\/wp-json\/wp\/v2\/media\/3547"}],"wp:attachment":[{"href":"https:\/\/www.maisondeluxeprague.com\/ru\/wp-json\/wp\/v2\/media?parent=3527"}],"wp:term":[{"taxonomy":"product_brand","embeddable":true,"href":"https:\/\/www.maisondeluxeprague.com\/ru\/wp-json\/wp\/v2\/product_brand?post=3527"},{"taxonomy":"product_cat","embeddable":true,"href":"https:\/\/www.maisondeluxeprague.com\/ru\/wp-json\/wp\/v2\/product_cat?post=3527"},{"taxonomy":"product_tag","embeddable":true,"href":"https:\/\/www.maisondeluxeprague.com\/ru\/wp-json\/wp\/v2\/product_tag?post=3527"}],"curies":[{"name":"wp","href":"https:\/\/api.w.org\/{rel}","templated":true}]}}