{"id":3517,"date":"2025-10-25T23:33:50","date_gmt":"2025-10-25T21:33:50","guid":{"rendered":"https:\/\/www.maisondeluxeprague.com\/?post_type=product&#038;p=3517"},"modified":"2025-12-22T14:29:13","modified_gmt":"2025-12-22T13:29:13","slug":"chanel-2-55-patent-leather","status":"publish","type":"product","link":"https:\/\/www.maisondeluxeprague.com\/ru\/produkt\/chanel-2-55-patent-leather\/","title":{"rendered":"Chanel 2.55 Patent Leather"},"content":{"rendered":"<p>Chanel 2.55 Jumbo Double Flap Patent Leather Noir Bag<\/p>\n<p>\u0421\u0443\u043c\u043a\u0430 \u043f\u0440\u043e\u0448\u043b\u0430 \u043e\u043a\u0440\u0430\u0441\u043a\u0443 \u0441\u0442\u043e\u0440\u043e\u043d\u043d\u0435\u0439 \u043c\u0430\u0441\u0442\u0435\u0440\u0441\u043a\u043e\u0439.<\/p>","protected":false},"excerpt":{"rendered":"<p>Chanel 2.55 Jumbo Double Flap Patent Leather Noir Bag Kabelka je po zm\u011bn\u011b barvy t\u0159et\u00ed stranou<\/p>","protected":false},"featured_media":3489,"template":"","meta":{"slim_seo":{"title":"Chanel 2.55 Patent Leather - Maison de Luxe Prague","description":"Chanel 2.55 Jumbo Double Flap Patent Leather Noir Bag Kabelka je po zm\u011bn\u011b barvy t\u0159et\u00ed stranou"}},"product_brand":[94],"product_cat":[159,40],"product_tag":[],"class_list":{"0":"post-3517","1":"product","2":"type-product","3":"status-publish","4":"has-post-thumbnail","6":"product_brand-chanel","7":"product_cat-damske","8":"product_cat-kabelky","10":"first","11":"instock","12":"taxable","13":"shipping-taxable","14":"purchasable","15":"product-type-simple"},"_links":{"self":[{"href":"https:\/\/www.maisondeluxeprague.com\/ru\/wp-json\/wp\/v2\/product\/3517","targetHints":{"allow":["GET"]}}],"collection":[{"href":"https:\/\/www.maisondeluxeprague.com\/ru\/wp-json\/wp\/v2\/product"}],"about":[{"href":"https:\/\/www.maisondeluxeprague.com\/ru\/wp-json\/wp\/v2\/types\/product"}],"wp:featuredmedia":[{"embeddable":true,"href":"https:\/\/www.maisondeluxeprague.com\/ru\/wp-json\/wp\/v2\/media\/3489"}],"wp:attachment":[{"href":"https:\/\/www.maisondeluxeprague.com\/ru\/wp-json\/wp\/v2\/media?parent=3517"}],"wp:term":[{"taxonomy":"product_brand","embeddable":true,"href":"https:\/\/www.maisondeluxeprague.com\/ru\/wp-json\/wp\/v2\/product_brand?post=3517"},{"taxonomy":"product_cat","embeddable":true,"href":"https:\/\/www.maisondeluxeprague.com\/ru\/wp-json\/wp\/v2\/product_cat?post=3517"},{"taxonomy":"product_tag","embeddable":true,"href":"https:\/\/www.maisondeluxeprague.com\/ru\/wp-json\/wp\/v2\/product_tag?post=3517"}],"curies":[{"name":"wp","href":"https:\/\/api.w.org\/{rel}","templated":true}]}}